{"id":856,"date":"2024-12-16T19:15:28","date_gmt":"2024-12-16T18:15:28","guid":{"rendered":"https:\/\/bioenergy-ir.pl\/?page_id=856"},"modified":"2026-01-25T23:31:31","modified_gmt":"2026-01-25T22:31:31","slug":"zarowki1","status":"publish","type":"page","link":"https:\/\/bioenergy-ir.pl\/en\/zarowki1\/","title":{"rendered":"Wi\u0119cej o naszych \u017car\u00f3wkach"},"content":{"rendered":"<h2 class=\"wp-block-heading has-text-align-center\">Virucidal LED Light Bulb with IR-Emitting Micromineral Coating<\/h2>\n\n\n\n<p>Innovative technology for virus deactivation in enclosed spaces <\/p>\n\n\n\n<p>Viruses are destroyed using far-infrared radiation with wavelengths ranging from 2 to 16 micrometers (analogous to radiation emitted by the human body), transmitted via visible electromagnetic light emitted by an LED bulb.<\/p>\n\n\n\n<p>Mechanism of action<\/p>\n\n\n\n<figure class=\"wp-block-image size-large is-resized\"><img fetchpriority=\"high\" decoding=\"async\" width=\"1024\" height=\"1024\" src=\"https:\/\/bioenergy-ir.pl\/wp-content\/uploads\/2024\/12\/zarowka1_1-1024x1024.jpg\" alt=\"\" class=\"wp-image-857\" style=\"width:466px;height:auto\" srcset=\"https:\/\/bioenergy-ir.pl\/wp-content\/uploads\/2024\/12\/zarowka1_1-1024x1024.jpg 1024w, https:\/\/bioenergy-ir.pl\/wp-content\/uploads\/2024\/12\/zarowka1_1-300x300.jpg 300w, https:\/\/bioenergy-ir.pl\/wp-content\/uploads\/2024\/12\/zarowka1_1-150x150.jpg 150w, https:\/\/bioenergy-ir.pl\/wp-content\/uploads\/2024\/12\/zarowka1_1-768x768.jpg 768w, https:\/\/bioenergy-ir.pl\/wp-content\/uploads\/2024\/12\/zarowka1_1-1536x1536.jpg 1536w, https:\/\/bioenergy-ir.pl\/wp-content\/uploads\/2024\/12\/zarowka1_1-2048x2048.jpg 2048w\" sizes=\"(max-width: 1024px) 100vw, 1024px\" \/><\/figure>\n\n\n\n<p>The LED bulb itself emits visible light that does not destroy viruses. However, it transmits far-infrared radiation generated by a special coating applied to the glass surface of the bulb. This coating consists of a composition of microminerals whose properties cause the bulb, when stimulated by light, to emit far-infrared radiation.\nThe range of IR radiation is equivalent to the range of the LED bulb\u2019s light.<\/p>\n\n\n\n<figure class=\"wp-block-image size-large is-resized\"><img decoding=\"async\" width=\"1024\" height=\"1024\" src=\"https:\/\/bioenergy-ir.pl\/wp-content\/uploads\/2024\/12\/zarowka2-1024x1024.jpg\" alt=\"\" class=\"wp-image-858\" style=\"width:497px;height:auto\" srcset=\"https:\/\/bioenergy-ir.pl\/wp-content\/uploads\/2024\/12\/zarowka2-1024x1024.jpg 1024w, https:\/\/bioenergy-ir.pl\/wp-content\/uploads\/2024\/12\/zarowka2-300x300.jpg 300w, https:\/\/bioenergy-ir.pl\/wp-content\/uploads\/2024\/12\/zarowka2-150x150.jpg 150w, https:\/\/bioenergy-ir.pl\/wp-content\/uploads\/2024\/12\/zarowka2-768x768.jpg 768w, https:\/\/bioenergy-ir.pl\/wp-content\/uploads\/2024\/12\/zarowka2-1536x1536.jpg 1536w, https:\/\/bioenergy-ir.pl\/wp-content\/uploads\/2024\/12\/zarowka2-2048x2048.jpg 2048w\" sizes=\"(max-width: 1024px) 100vw, 1024px\" \/><\/figure>\n\n\n\n<p>Viruses spread via water vapor contained in exhaled air from an infected person. They attach to microdroplets present in the vapor.\nVisible light together with infrared radiation strikes the surface of these microdroplets.<\/p>\n\n\n\n<figure class=\"wp-block-image size-large is-resized\"><img decoding=\"async\" width=\"1024\" height=\"1024\" src=\"https:\/\/bioenergy-ir.pl\/wp-content\/uploads\/2024\/12\/zarowka3_3-1024x1024.jpg\" alt=\"\" class=\"wp-image-859\" style=\"width:496px;height:auto\" srcset=\"https:\/\/bioenergy-ir.pl\/wp-content\/uploads\/2024\/12\/zarowka3_3-1024x1024.jpg 1024w, https:\/\/bioenergy-ir.pl\/wp-content\/uploads\/2024\/12\/zarowka3_3-300x300.jpg 300w, https:\/\/bioenergy-ir.pl\/wp-content\/uploads\/2024\/12\/zarowka3_3-150x150.jpg 150w, https:\/\/bioenergy-ir.pl\/wp-content\/uploads\/2024\/12\/zarowka3_3-768x768.jpg 768w, https:\/\/bioenergy-ir.pl\/wp-content\/uploads\/2024\/12\/zarowka3_3-1536x1536.jpg 1536w, https:\/\/bioenergy-ir.pl\/wp-content\/uploads\/2024\/12\/zarowka3_3-2048x2048.jpg 2048w\" sizes=\"(max-width: 1024px) 100vw, 1024px\" \/><\/figure>\n\n\n\n<p>Infrared radiation ionizes the water contained within the droplet. As a result of ionization, free electron charges are generated, which impact the envelope of enveloped viruses or the capsid of non-enveloped viruses.<\/p>\n\n\n\n<figure class=\"wp-block-image size-large is-resized\"><img loading=\"lazy\" decoding=\"async\" width=\"1024\" height=\"1024\" src=\"https:\/\/bioenergy-ir.pl\/wp-content\/uploads\/2024\/12\/zarowka4_4-1024x1024.jpg\" alt=\"\" class=\"wp-image-860\" style=\"width:473px;height:auto\" srcset=\"https:\/\/bioenergy-ir.pl\/wp-content\/uploads\/2024\/12\/zarowka4_4-1024x1024.jpg 1024w, https:\/\/bioenergy-ir.pl\/wp-content\/uploads\/2024\/12\/zarowka4_4-300x300.jpg 300w, https:\/\/bioenergy-ir.pl\/wp-content\/uploads\/2024\/12\/zarowka4_4-150x150.jpg 150w, https:\/\/bioenergy-ir.pl\/wp-content\/uploads\/2024\/12\/zarowka4_4-768x768.jpg 768w, https:\/\/bioenergy-ir.pl\/wp-content\/uploads\/2024\/12\/zarowka4_4-1536x1536.jpg 1536w, https:\/\/bioenergy-ir.pl\/wp-content\/uploads\/2024\/12\/zarowka4_4-2048x2048.jpg 2048w\" sizes=\"(max-width: 1024px) 100vw, 1024px\" \/><\/figure>\n\n\n\n<p>This leads to virus deactivation.<\/p>\n\n\n\n<p>Studies conducted in accordance with a modified PN-EN 17272 standard at the Wroc\u0142aw University of Environmental and Life Sciences demonstrated that infrared radiation caused a 99.9% reduction within 3 hours, within a 25 cm radius, of the titer of a non-enveloped virus \u2013 Adenovirus type 5.\n\nThe scope of the study was limited by the size of the equipment available at the university. However, it can be assumed that far-infrared radiation transmitted via LED electromagnetic light eliminates viruses within the range of the emitted light.\nThe elimination of viruses in enclosed spaces is also partially supported by natural circulation of ionized air.<\/p>\n\n\n\n<p>Further studies conducted at Tsinghua University under the supervision of Professor Tian Jiemo, as well as clinical studies at the Institute of Aerospace Medicine of Peking University and the China\u2013Japan Friendship Hospital under the supervision of Professor Shen Xianyun, demonstrated that exposure to infrared (IR) radiation of appropriate wavelengths resulted in the reduction of the following bacteria and fungi:<\/p>\n\n\n\n<ul class=\"wp-block-list\">\n<li>Bacillus \u2013 Gram-positive microorganisms common in nature, including Bacillus subtilis<\/li>\n<\/ul>\n\n\n\n<ul class=\"wp-block-list\">\n<li>Salmonella Enteritidis \u2013 a serotype of Salmonella causing food poisoning<\/li>\n<\/ul>\n\n\n\n<ul class=\"wp-block-list\">\n<li>Shigella flexneri \u2013 Gram-negative bacterium responsible for bacterial dysentery<\/li>\n<\/ul>\n\n\n\n<ul class=\"wp-block-list\">\n<li>Staphylococcus aureus \u2013 Gram-positive bacterium, a major human pathogen<\/li>\n<\/ul>\n\n\n\n<ul class=\"wp-block-list\">\n<li>Candida albicans \u2013 yeast-type fungus (white yeast)<\/li>\n<\/ul>\n\n\n\n<p>Candida albicans particularly affects people suffering from disorders of the immune system, such as HIV or cancer, but also common influenza. Candida albicans also attacks people who abuse alcohol and drugs and those who do not follow the principles of a healthy diet.<\/p>\n\n\n\n<ul class=\"wp-block-list\">\n<li>Lactobacillus \u2013 a genus of Gram-positive bacteria from the Lactobacillaceae family, classified as lactic acid bacteria.<\/li>\n<\/ul>\n\n\n\n<ul class=\"wp-block-list\">\n<li>Hemolytic streptococcus \u2013 streptococci may cause urinary tract infections in adults and pregnant women.<\/li>\n<\/ul>\n\n\n\n<ul class=\"wp-block-list\">\n<li>Pseudomonas \u2013 Pseudomonas aeruginosa is a particularly dangerous microorganism, an opportunistic pathogen capable of causing acute pneumonia, bloodstream infections, as well as skin and soft tissue infections.<\/li>\n<\/ul>\n\n\n\n<ul class=\"wp-block-list\">\n<li>Escherichia coli \u2013 bacteria that are harmless in the large intestine, but in other parts of the body may prove to be very dangerous.<\/li>\n<\/ul>\n\n\n\n<ul class=\"wp-block-list\">\n<li>Proteus vulgaris can cause various infections, e.g. of the respiratory tract, wounds, bones, gastrointestinal tract, joints, and meningitis. The most common and most contagious route of infection is the droplet route \u2013 together with saliva and nasal secretions, bacteria as well as viruses spread over distances of up to several meters, reaching directly the respiratory tract or settling on surfaces.<\/li>\n<\/ul>\n\n\n\n<ul class=\"wp-block-list\">\n<li>Fungus \u2013 mycosis, a fatal fungal infection.<\/li>\n<\/ul>\n\n\n\n<p>The results were published in the Health Handbook brochure issued by Hong Kong High-Tech Group Co., Ltd., Shenzhen Century Huljia Nanometer Science and Technology Co. Ltd., China South Group Inc. (USA).<\/p>\n\n\n\n<p>There are many solutions for room disinfection devices available on the market. Their operation is based on the emission of UV radiation with a wavelength of 286 nanometers. UV radiation is harmful and should not be used in the presence of humans. A disinfected room, after being entered by an infected person, should be disinfected again. In most cases, this is impossible. There are also ionizers whose operation is based on electrical discharges. Unfortunately, the air ionized in this way emits an unpleasant odor.<\/p>\n\n\n\n<p>The superiority of the proposed solution using an E14 LED virucidal bulb with a micromineral coating emitting IR radiation lies in the fact that it can be used in the presence of humans. The room can be continuously disinfected. Ionized air does not change its odor.<\/p>\n\n\n\n<p>Staying within the range of far-infrared radiation with a wavelength of 2 to 16 micrometers has a positive effect on the human body. When used in combination with IR underwear, it may stimulate biological regeneration through increased oxygenation of the body.<\/p>","protected":false},"excerpt":{"rendered":"<p>Wirusob\u00f3jcza \u017car\u00f3wka LED z pow\u0142ok\u0105 mikrominera\u0142\u00f3w emituj\u0105cych promieniowanie IR Innowacyjna technologia dezaktywacji wirus\u00f3w w pomieszczeniu zamkni\u0119tym. Niszczenie wirus\u00f3w przez promieniowanie dalekiej podczerwieni o d\u0142ugo\u015bci fali od 2 do 16 mikrometr\u00f3w (analogicznego jak emituje cia\u0142o cz\u0142owieka) przenoszonego za pomoc\u0105 promieniowania elektromagnetycznego \u015bwietlnego emitowanego przez \u017car\u00f3wk\u0119 LED. Mechanizm dzia\u0142ania: \u017bar\u00f3wka LED, kt\u00f3rej same promieniowanie \u015bwietlne nie niszczy [&hellip;]<\/p>","protected":false},"author":1,"featured_media":0,"parent":0,"menu_order":0,"comment_status":"closed","ping_status":"closed","template":"","meta":{"footnotes":""},"class_list":["post-856","page","type-page","status-publish","hentry"],"_links":{"self":[{"href":"https:\/\/bioenergy-ir.pl\/en\/wp-json\/wp\/v2\/pages\/856","targetHints":{"allow":["GET"]}}],"collection":[{"href":"https:\/\/bioenergy-ir.pl\/en\/wp-json\/wp\/v2\/pages"}],"about":[{"href":"https:\/\/bioenergy-ir.pl\/en\/wp-json\/wp\/v2\/types\/page"}],"author":[{"embeddable":true,"href":"https:\/\/bioenergy-ir.pl\/en\/wp-json\/wp\/v2\/users\/1"}],"replies":[{"embeddable":true,"href":"https:\/\/bioenergy-ir.pl\/en\/wp-json\/wp\/v2\/comments?post=856"}],"version-history":[{"count":5,"href":"https:\/\/bioenergy-ir.pl\/en\/wp-json\/wp\/v2\/pages\/856\/revisions"}],"predecessor-version":[{"id":1392,"href":"https:\/\/bioenergy-ir.pl\/en\/wp-json\/wp\/v2\/pages\/856\/revisions\/1392"}],"wp:attachment":[{"href":"https:\/\/bioenergy-ir.pl\/en\/wp-json\/wp\/v2\/media?parent=856"}],"curies":[{"name":"wp","href":"https:\/\/api.w.org\/{rel}","templated":true}]}}