{"id":803,"date":"2024-08-01T14:50:33","date_gmt":"2024-08-01T12:50:33","guid":{"rendered":"https:\/\/bioenergy-ir.pl\/?page_id=803"},"modified":"2024-08-01T15:07:02","modified_gmt":"2024-08-01T13:07:02","slug":"perlastan-ocv","status":"publish","type":"page","link":"https:\/\/bioenergy-ir.pl\/en\/perlastan-ocv\/","title":{"rendered":"Perlastan OCV"},"content":{"rendered":"<h2 class=\"wp-block-heading\">What is Perlastan OCV?<\/h2>\n\n\n\n<p>PERLASTAN OCV is used as a metal corrosion inhibitor additive for hydrophobic and hydrophilic agents. It is also used as an additive for metals. Perlastan OCV is hydrophobic and acidic in nature.<br>Neutralization can be done with MEA, TEA, long-chain amines, acids, KOH, NaOH, etc.<br>It activates amphiphilic properties.<\/p>\n\n\n\n<h2 class=\"wp-block-heading\">Action<\/h2>\n\n\n\n<ul class=\"wp-block-list\">\n<li>Good wetting and washing performance<\/li>\n\n\n\n<li>High efficiency in inhibiting metal corrosion<\/li>\n\n\n\n<li>Compatibility with oxidizers<\/li>\n\n\n\n<li>Chemical stability even at extremely high pH<\/li>\n<\/ul>\n\n\n\n<h2 class=\"wp-block-heading\">Application<\/h2>\n\n\n\n<p>Chemisorption processes on metal surfaces lead to the formation of dense monolayers, which act as a protective shield even at low anti-corrosion levels.<br>Practical applications: processing industry, ship hull sheets, cleaning agents and lubricants, oils and fuels.<\/p>\n\n\n\n<h2 class=\"wp-block-heading\">Composition<\/h2>\n\n\n\n<ul class=\"wp-block-list\">\n<li>Oleoyl sarcosinate<\/li>\n\n\n\n<li>CAS No.: 110-25-8<\/li>\n\n\n\n<li>EINECS No.: 203-749-3<\/li>\n<\/ul>\n\n\n\n<h2 class=\"wp-block-heading\">Product characteristics<\/h2>\n\n\n\n<ul class=\"wp-block-list\">\n<li>Appearance: yellow-brown, clear to cloudy oil, min. 90%<\/li>\n\n\n\n<li>Specific gravity (20\u00b0C): 0.95 \u2013 0.97 g\/ml<\/li>\n\n\n\n<li>Ionic charge: anionic<\/li>\n\n\n\n<li>pH value 1% in IPA 10%: 3.0 \u2013 5.0<\/li>\n\n\n\n<li>Color number (Gardner): max. 8<\/li>\n\n\n\n<li>Acid number (mg KOH\/g): 153 \u2013 163<\/li>\n\n\n\n<li>Water content: max. 1.0%<\/li>\n<\/ul>\n\n\n\n<h2 class=\"wp-block-heading\">Recommended usage concentration<\/h2>\n\n\n\n<ul class=\"wp-block-list\">\n<li>Cleaning agents: 1.0 \u2013 5.0%<\/li>\n\n\n\n<li>Industrial lubricants: 0.1 \u2013 0.3%<\/li>\n\n\n\n<li>Lubricants: 0.1 \u2013 0.5%<\/li>\n\n\n\n<li>Anti-rust fluids: 0.5 \u2013 1.0%<\/li>\n\n\n\n<li>Metalworking fluids: 0.05 \u2013 1.0%<\/li>\n<\/ul>","protected":false},"excerpt":{"rendered":"<p>Czym jest Perlastan OCV? PERLASTAN OCV jest stosowany jako dodatek hamuj\u0105cy korozj\u0119 metali do \u015brodk\u00f3w hydrofobowych i preparat\u00f3w hydrofilowych. Stosowany jest tak\u017ce jako dodatek do metali.Perlastan OCV ma charakter hydrofobowy stan kwa\u015bny.Neutralizacja za pomoc\u0105 MEA, TEA, d\u0142ugot\u0142ustych amin\u00f3w kwasowyvh, KOH, NaOH itp.Aktywuje w\u0142a\u015bciwo\u015bci amfifilowe Dzia\u0142anie Zastosowanie Procesy chemisorpcji na powierzchniach metalowych prowadz\u0105 do tworzenia g\u0119stych [&hellip;]<\/p>","protected":false},"author":1,"featured_media":0,"parent":0,"menu_order":0,"comment_status":"closed","ping_status":"closed","template":"","meta":{"footnotes":""},"class_list":["post-803","page","type-page","status-publish","hentry"],"_links":{"self":[{"href":"https:\/\/bioenergy-ir.pl\/en\/wp-json\/wp\/v2\/pages\/803","targetHints":{"allow":["GET"]}}],"collection":[{"href":"https:\/\/bioenergy-ir.pl\/en\/wp-json\/wp\/v2\/pages"}],"about":[{"href":"https:\/\/bioenergy-ir.pl\/en\/wp-json\/wp\/v2\/types\/page"}],"author":[{"embeddable":true,"href":"https:\/\/bioenergy-ir.pl\/en\/wp-json\/wp\/v2\/users\/1"}],"replies":[{"embeddable":true,"href":"https:\/\/bioenergy-ir.pl\/en\/wp-json\/wp\/v2\/comments?post=803"}],"version-history":[{"count":2,"href":"https:\/\/bioenergy-ir.pl\/en\/wp-json\/wp\/v2\/pages\/803\/revisions"}],"predecessor-version":[{"id":807,"href":"https:\/\/bioenergy-ir.pl\/en\/wp-json\/wp\/v2\/pages\/803\/revisions\/807"}],"wp:attachment":[{"href":"https:\/\/bioenergy-ir.pl\/en\/wp-json\/wp\/v2\/media?parent=803"}],"curies":[{"name":"wp","href":"https:\/\/api.w.org\/{rel}","templated":true}]}}