{"id":3,"date":"2024-07-04T11:48:30","date_gmt":"2024-07-04T09:48:30","guid":{"rendered":"http:\/\/bioenergy-ir.pl\/?page_id=3"},"modified":"2026-02-03T01:12:10","modified_gmt":"2026-02-03T00:12:10","slug":"polityka-prywatnosci","status":"publish","type":"page","link":"https:\/\/bioenergy-ir.pl\/en\/polityka-prywatnosci\/","title":{"rendered":"Polityka prywatno\u015bci i cookies"},"content":{"rendered":"<p><\/p>\n\n\n\n<p><\/p>\n\n\n\n<p><\/p>\n\n\n\n<p><\/p>\n\n\n\n<p><\/p>\n\n\n\n<p><\/p>\n\n\n\n<p><strong>Polityka prywatno\u015bci i plik\u00f3w cookies<\/strong> s<strong>trony internetowej www.bioenergy-ir.pl<\/strong><\/p>\n\n\n\n<p><strong>Informacje og\u00f3lne<\/strong><\/p>\n\n\n\n<p>Niniejsza Polityka prywatno\u015bci i plik\u00f3w cookies strony, zwana dalej Stron\u0105 internetow\u0105, okre\u015bla zasady przetwarzania i ochrony danych osobowych oraz wykorzystania plik\u00f3w cookies oraz innych technologii w zwi\u0105zku z korzystaniem przez U\u017cytkownik\u00f3w ze Strony internetowej.<\/p>\n\n\n\n<p><strong>\u00a7 1<\/strong><\/p>\n\n\n\n<p><strong>Definicje<\/strong><\/p>\n\n\n\n<p>Na potrzeby niniejszej polityki prywatno\u015bci przyjmuje si\u0119 nast\u0119puj\u0105ce znaczenie poni\u017cszych poj\u0119\u0107:<\/p>\n\n\n\n<ol class=\"wp-block-list\">\n<li><strong>Administrator<\/strong>&nbsp;\u2013 &nbsp;<em>W\u0142odzimierz Skowro\u0144ski, ul. Kossaka Kossaka 18\/42<\/em>, 93-209 \u0141\u00f3d\u017a.<\/li>\n\n\n\n<li><strong>Strona internetowa<\/strong>&nbsp;\u2013 serwis dost\u0119pny pod adresem&nbsp;<em>www.bioenergy-ir.pl.<\/em><\/li>\n\n\n\n<li><strong>U\u017cytkownik<\/strong>&nbsp;\u2013 ka\u017cdy podmiot, kt\u00f3ry przegl\u0105da zawarto\u015b\u0107 Strony internetowej.<\/li>\n\n\n\n<li><strong>RODO<\/strong>&nbsp;\u2013 Rozporz\u0105dzenie Parlamentu Europejskiego i&nbsp;Rady (UE) 2016\/679 z&nbsp;dnia 27 kwietnia 2016 r. w&nbsp;sprawie ochrony os\u00f3b fizycznych w&nbsp;zwi\u0105zku z&nbsp;przetwarzaniem danych osobowych i&nbsp;w sprawie swobodnego przep\u0142ywu takich danych oraz uchylenia dyrektywy 95\/46\/WE<\/li>\n<\/ol>\n\n\n\n<p><strong>\u00a7 2<\/strong><\/p>\n\n\n\n<p><strong>Dane osobowe<\/strong><\/p>\n\n\n\n<ol class=\"wp-block-list\">\n<li>Administratorem danych osobowych U\u017cytkownika w rozumieniu RODO jest Administrator.<\/li>\n\n\n\n<li>U\u017cytkownik mo\u017ce przekazywa\u0107 swoje dane osobowe Administratorowi za pomoc\u0105 dr\u00f3g kontaktu udost\u0119pnionych na stronie, m.in. e-maila i komunikator\u00f3w.<\/li>\n\n\n\n<li>Podstaw\u0105 prawn\u0105 przetwarzania danych osobowych U\u017cytkownik\u00f3w jest dobrowolna, konkretna, \u015bwiadoma i jednoznaczna zgoda U\u017cytkownika wyra\u017cona za pomoc\u0105 odpowiedniego formularza na Stronie internetowej.<\/li>\n\n\n\n<li>Dane osobowe mog\u0105 by\u0107 przetwarzane tak\u017ce w przypadkach, w kt\u00f3rych Administrator jest upowa\u017cniony do przetwarzania danych osobowych na podstawie przepis\u00f3w prawa lub w celu realizacji zawartej pomi\u0119dzy stronami umowy.<\/li>\n\n\n\n<li>Dane osobowe przekazywane Administratorowi przez U\u017cytkownika za pomoc\u0105 dr\u00f3g kontaktu udost\u0119pnionych na stronie, m.in. e-maila i komunikator\u00f3w przetwarzane s\u0105 w celu udzielenia odpowiedzi na wys\u0142ane za ich pomoc\u0105 zapytanie. Podanie danych osobowych przez U\u017cytkownika jest dobrowolne, ale niezb\u0119dne, by U\u017cytkownik otrzyma\u0142 odpowied\u017a. Przetwarzanie danych w tym celu odbywa si\u0119 na podstawie prawnie uzasadnionego interesu realizowanego przez administratora (Art.6 ust.1 lit.f RODO). Dane te b\u0119d\u0105 przetwarzane do czasu zako\u0144czenia korespondencji oraz 2<em>&nbsp;<\/em>lata od jej zako\u0144czenia.<\/li>\n\n\n\n<li>Administrator mo\u017ce powierzy\u0107 dane osobowe innym podmiotom, z pomoc\u0105 kt\u00f3rych realizuje wskazane&nbsp; w poprzednich punktach cele (np. firmom dostarczaj\u0105cym us\u0142ug\u0119 hostingu).<\/li>\n\n\n\n<li>Administrator gwarantuje poufno\u015b\u0107 wszelkich przekazanych mu danych osobowych.<\/li>\n\n\n\n<li>Dane osobowe s\u0105 gromadzone z nale\u017cyt\u0105 staranno\u015bci\u0105 i odpowiednio chronione przed dost\u0119pem przez osoby do tego nieupowa\u017cnione, a ich przetwarzanie odbywa si\u0119 zgodnie oraz na warunkach okre\u015blonych szczeg\u00f3\u0142owo w:\n<ol class=\"wp-block-list\">\n<li>Rozporz\u0105dzeniu Parlamentu Europejskiego i&nbsp;Rady (UE) 2016\/679 z&nbsp;dnia 27 kwietnia 2016 r. w&nbsp;sprawie ochrony os\u00f3b fizycznych w&nbsp;zwi\u0105zku z&nbsp;przetwarzaniem danych osobowych i&nbsp;w sprawie swobodnego przep\u0142ywu takich danych oraz uchylenia dyrektywy 95\/46\/WE,<\/li>\n\n\n\n<li>ustawie z dnia 18 lipca 2002 o \u015bwiadczenie us\u0142ug drog\u0105 elektroniczn\u0105,<\/li>\n\n\n\n<li>ustawie z dnia 10 maja 2018 o ochronie danych osobowych.<\/li>\n<\/ol>\n<\/li>\n<\/ol>\n\n\n\n<p><strong>\u00a7 3<\/strong><\/p>\n\n\n\n<p><strong>Prawa u\u017cytkownika<\/strong><\/p>\n\n\n\n<ol class=\"wp-block-list\">\n<li>U\u017cytkownikowi przys\u0142uguj\u0105 prawa zwi\u0105zane z przetwarzaniem jego danych osobowych, w tym:\n<ol class=\"wp-block-list\">\n<li>prawo dost\u0119pu do danych<\/li>\n\n\n\n<li>prawo do poprawienia danych<\/li>\n\n\n\n<li>prawo do ograniczenia przetwarzania danych<\/li>\n\n\n\n<li>prawo do sprzeciwu&nbsp; wobec przetwarzania danych<\/li>\n\n\n\n<li>prawo do usuni\u0119cia danych (tzw. prawo do bycia zapomnianym)<\/li>\n\n\n\n<li>prawo do przenoszenia danych<\/li>\n\n\n\n<li>prawo do wniesienia skargi do organu nadzorczego w zwi\u0105zku z przetwarzaniem danych osobowych przez Administratora<\/li>\n<\/ol>\n<\/li>\n\n\n\n<li>U\u017cytkownik ma prawo do cofni\u0119cia swojej zgody w ka\u017cdej chwili, je\u015bli U\u017cytkownik uprzednio wyrazi\u0142 tak\u0105 zgod\u0119.&nbsp;&nbsp;<\/li>\n\n\n\n<li>W celu realizacji swoich praw U\u017cytkownik powinien skierowa\u0107 odpowiednie \u017c\u0105danie na adres: kontakt@bioenergy-ir.pl<\/li>\n<\/ol>\n\n\n\n<p><strong>\u00a7 4<\/strong><\/p>\n\n\n\n<p><strong>Gromadzone informacje<\/strong><\/p>\n\n\n\n<ol class=\"wp-block-list\">\n<li>Podczas korzystania przez U\u017cytkownika ze Strony internetowej automatycznie zbierane s\u0105&nbsp;dane dotycz\u0105ce U\u017cytkownika. Do tych danych zalicza si\u0119 m.in.: adres IP, nazwa domeny, typ przegl\u0105darki, typ systemu operacyjnego. Dane te mog\u0105 by\u0107 zbierane przez pliki cookies (tzw.&nbsp;ciasteczka), a tak\u017ce mog\u0105 by\u0107 zapisywane w logach serwera.<\/li>\n\n\n\n<li>Pliki cookies (tzw. ciasteczka) to pliki wysy\u0142ane do komputera lub innego urz\u0105dzenia (np.&nbsp;laptop, smartfon, tablet) U\u017cytkownika podczas przegl\u0105dania Strony internetowej. Pliki&nbsp;cookie zapami\u0119tuj\u0105 preferencje U\u017cytkownika, co umo\u017cliwia podnoszenie jako\u015bci \u015bwiadczonych us\u0142ug, poprawianie wynik\u00f3w wyszukiwania i trafno\u015bci wy\u015bwietlanych informacji oraz anonimowe \u015bledzenie preferencji U\u017cytkownika.<\/li>\n\n\n\n<li>Zgod\u0119 na przechowywanie lub uzyskiwanie dost\u0119pu do cookies przez Administratora na jego urz\u0105dzeniu U\u017cytkownik wyra\u017ca za pomoc\u0105 ustawie\u0144 przegl\u0105darki zainstalowanej na urz\u0105dzeniu U\u017cytkownika.<\/li>\n\n\n\n<li>U\u017cytkownik mo\u017ce zrezygnowa\u0107 z cookies, wybieraj\u0105c odpowiednie ustawienia w u\u017cywanej przez siebie przegl\u0105darce stron www. W takiej sytuacji korzystanie ze Strony internetowej przez U\u017cytkownika mo\u017ce by\u0107 utrudnione (np. strona mo\u017ce pracowa\u0107 wolniej).<\/li>\n\n\n\n<li>U\u017cytkownik mo\u017ce usun\u0105\u0107 istniej\u0105ce pliki cookies z urz\u0105dzenia, korzystaj\u0105c z odpowiednich funkcji przegl\u0105darki internetowej, programy s\u0142u\u017c\u0105ce w tym celu lub skorzystanie z&nbsp;odpowiednich narz\u0119dzi dost\u0119pnych w ramach systemu operacyjnego, z kt\u00f3rego korzysta U\u017cytkownik.<\/li>\n\n\n\n<li>Korzystanie ze Strony internetowej wi\u0105\u017ce si\u0119 z przes\u0142aniem zapyta\u0144 do serwera, na kt\u00f3rym przechowywana jest Strona internetowa. Ka\u017cde takie zapytanie jest zapisywane w logach serwera. Logi obejmuj\u0105 m.in.: adres IP U\u017cytkownika, dat\u0119 i czas logowania do serwera, informacje o u\u017cywanej przegl\u0105darce internetowej i systemie operacyjnym.<\/li>\n\n\n\n<li>Dane zapisane w logach serwera nie s\u0105 \u0142\u0105czone w \u017caden spos\u00f3b z konkretnymi U\u017cytkownikami &nbsp;Strony internetowej i nie s\u0105 wykorzystywane przez Administratora w celu identyfikacji U\u017cytkownika. Logi serwera s\u0142u\u017c\u0105 do administrowania Stron\u0105 internetow\u0105, a ich zawarto\u015b\u0107 nie jest ujawniania nikomu poza osobami upowa\u017cnionymi do administrowania serwerem.<\/li>\n<\/ol>\n\n\n\n<p><strong>\u00a7 5<\/strong><\/p>\n\n\n\n<p><strong>Cel wykorzystania danych<\/strong><\/p>\n\n\n\n<p>Dane podane przez U\u017cytkownika lub zbierane automatycznie Administrator wykorzystuje w celu:<\/p>\n\n\n\n<ol class=\"wp-block-list\">\n<li>prawid\u0142owego funkcjonowania, konfiguracji, bezpiecze\u0144stwa Strony internetowej, monitorowania stanu sesji, analiz, bada\u0144&nbsp;i audytu wy\u015bwietle\u0144 Strony internetowej, a tak\u017ce w celach statystycznych i marketingowych.<\/li>\n<\/ol>\n\n\n\n<p><strong>Postanowienia ko\u0144cowe<\/strong><\/p>\n\n\n\n<ol class=\"wp-block-list\">\n<li>W niniejszym dokumencie mog\u0105 nast\u0105pi\u0107 zmiany, na kt\u00f3re mo\u017ce wp\u0142yn\u0105\u0107 rozw\u00f3j technologii internetowej, zmiany prawa w zakresie ochrony danych osobowych oraz rozw\u00f3j naszej Strony internetowej i Sklepu. Wszelkie zmiany b\u0119d\u0105 komunikowane U\u017cytkownikom niezw\u0142ocznie w spos\u00f3b widoczny i zrozumia\u0142y.<\/li>\n\n\n\n<li>Wszelkie pytania lub uwagi dotycz\u0105ce Polityki prywatno\u015bci i plik\u00f3w cookies prosimy kierowa\u0107 na adres: kontakt@bioenergy-ir.pl<\/li>\n<\/ol>","protected":false},"excerpt":{"rendered":"<p>Polityka prywatno\u015bci i plik\u00f3w cookies strony internetowej www.bioenergy-ir.pl Informacje og\u00f3lne Niniejsza Polityka prywatno\u015bci i plik\u00f3w cookies strony, zwana dalej Stron\u0105 internetow\u0105, okre\u015bla zasady przetwarzania i ochrony danych osobowych oraz wykorzystania plik\u00f3w cookies oraz innych technologii w zwi\u0105zku z korzystaniem przez U\u017cytkownik\u00f3w ze Strony internetowej. \u00a7 1 Definicje Na potrzeby niniejszej polityki prywatno\u015bci przyjmuje si\u0119 nast\u0119puj\u0105ce [&hellip;]<\/p>","protected":false},"author":1,"featured_media":0,"parent":0,"menu_order":0,"comment_status":"closed","ping_status":"open","template":"","meta":{"footnotes":""},"class_list":["post-3","page","type-page","status-publish","hentry"],"_links":{"self":[{"href":"https:\/\/bioenergy-ir.pl\/en\/wp-json\/wp\/v2\/pages\/3","targetHints":{"allow":["GET"]}}],"collection":[{"href":"https:\/\/bioenergy-ir.pl\/en\/wp-json\/wp\/v2\/pages"}],"about":[{"href":"https:\/\/bioenergy-ir.pl\/en\/wp-json\/wp\/v2\/types\/page"}],"author":[{"embeddable":true,"href":"https:\/\/bioenergy-ir.pl\/en\/wp-json\/wp\/v2\/users\/1"}],"replies":[{"embeddable":true,"href":"https:\/\/bioenergy-ir.pl\/en\/wp-json\/wp\/v2\/comments?post=3"}],"version-history":[{"count":5,"href":"https:\/\/bioenergy-ir.pl\/en\/wp-json\/wp\/v2\/pages\/3\/revisions"}],"predecessor-version":[{"id":1519,"href":"https:\/\/bioenergy-ir.pl\/en\/wp-json\/wp\/v2\/pages\/3\/revisions\/1519"}],"wp:attachment":[{"href":"https:\/\/bioenergy-ir.pl\/en\/wp-json\/wp\/v2\/media?parent=3"}],"curies":[{"name":"wp","href":"https:\/\/api.w.org\/{rel}","templated":true}]}}