{"id":1369,"date":"2026-01-25T21:08:12","date_gmt":"2026-01-25T20:08:12","guid":{"rendered":"https:\/\/bioenergy-ir.pl\/?page_id=1369"},"modified":"2026-02-04T06:14:55","modified_gmt":"2026-02-04T05:14:55","slug":"inhibitory-korozji","status":"publish","type":"page","link":"https:\/\/bioenergy-ir.pl\/en\/inhibitory-korozji\/","title":{"rendered":"Corrosion inhibitors"},"content":{"rendered":"<div data-elementor-type=\"wp-page\" data-elementor-id=\"1369\" class=\"elementor elementor-1369\" data-elementor-post-type=\"page\">\n\t\t\t\t<div class=\"elementor-element elementor-element-36a386c oferta e-flex e-con-boxed e-con e-parent\" data-id=\"36a386c\" data-element_type=\"container\" data-settings=\"{&quot;background_background&quot;:&quot;classic&quot;}\">\n\t\t\t\t\t<div class=\"e-con-inner\">\n\t\t\t\t<div class=\"elementor-element elementor-element-e46dbfa elementor-widget elementor-widget-heading\" data-id=\"e46dbfa\" data-element_type=\"widget\" data-widget_type=\"heading.default\">\n\t\t\t\t<div class=\"elementor-widget-container\">\n\t\t\t\t\t<h2 class=\"elementor-heading-title elementor-size-default\">Corrosion inhibitors<\/h2>\t\t\t\t<\/div>\n\t\t\t\t<\/div>\n\t\t\t\t<div class=\"elementor-element elementor-element-defd84a elementor-widget-divider--view-line elementor-widget elementor-widget-divider\" data-id=\"defd84a\" data-element_type=\"widget\" data-widget_type=\"divider.default\">\n\t\t\t\t<div class=\"elementor-widget-container\">\n\t\t\t\t\t\t\t<div class=\"elementor-divider\">\n\t\t\t<span class=\"elementor-divider-separator\">\n\t\t\t\t\t\t<\/span>\n\t\t<\/div>\n\t\t\t\t\t\t<\/div>\n\t\t\t\t<\/div>\n\t\t\t\t\t<\/div>\n\t\t\t\t<\/div>\n\t\t<div class=\"elementor-element elementor-element-cc00142 e-flex e-con-boxed e-con e-parent\" data-id=\"cc00142\" data-element_type=\"container\">\n\t\t\t\t\t<div class=\"e-con-inner\">\n\t\t<div class=\"elementor-element elementor-element-046afb6 e-con-full e-flex e-con e-child\" data-id=\"046afb6\" data-element_type=\"container\">\n\t\t\t\t<div class=\"elementor-element elementor-element-f4928cf elementor-widget elementor-widget-text-editor\" data-id=\"f4928cf\" data-element_type=\"widget\" data-widget_type=\"text-editor.default\">\n\t\t\t\t<div class=\"elementor-widget-container\">\n\t\t\t\t\t\t\t\t\t<h1 class=\"wp-block-heading\">Sarcosinate and glutamate acids<\/h1><p><strong>PERLASTAN OCV<\/strong><br \/>Oleoyl sarcosinate<br \/>Corrosion inhibitor<\/p>\t\t\t\t\t\t\t\t<\/div>\n\t\t\t\t<\/div>\n\t\t\t\t<div class=\"elementor-element elementor-element-fbfc4d4 elementor-widget elementor-widget-button\" data-id=\"fbfc4d4\" data-element_type=\"widget\" data-widget_type=\"button.default\">\n\t\t\t\t<div class=\"elementor-widget-container\">\n\t\t\t\t\t\t\t\t\t<div class=\"elementor-button-wrapper\">\n\t\t\t\t\t<a class=\"elementor-button elementor-button-link elementor-size-sm elementor-animation-shrink\" href=\"https:\/\/bioenergy-ir.pl\/en\/perlastan-ocv\/\">\n\t\t\t\t\t\t<span class=\"elementor-button-content-wrapper\">\n\t\t\t\t\t\t\t\t\t<span class=\"elementor-button-text\">Check the details<\/span>\n\t\t\t\t\t<\/span>\n\t\t\t\t\t<\/a>\n\t\t\t\t<\/div>\n\t\t\t\t\t\t\t\t<\/div>\n\t\t\t\t<\/div>\n\t\t\t\t<div class=\"elementor-element elementor-element-dd4122d elementor-widget elementor-widget-text-editor\" data-id=\"dd4122d\" data-element_type=\"widget\" data-widget_type=\"text-editor.default\">\n\t\t\t\t<div class=\"elementor-widget-container\">\n\t\t\t\t\t\t\t\t\t<h1>Special agents:<\/h1><p><strong>Surfactant amino acids based on glutamate,<\/strong><\/p><p><strong>Surfactant amino acids based on sarcosinate,<\/strong><\/p><p><strong>Derivatives of fatty acids,<\/strong><\/p><p><strong>Esters of phosphoric acid.<\/strong><\/p>\t\t\t\t\t\t\t\t<\/div>\n\t\t\t\t<\/div>\n\t\t\t\t<div class=\"elementor-element elementor-element-74e7524 elementor-hidden-desktop elementor-hidden-tablet elementor-hidden-mobile elementor-widget elementor-widget-text-editor\" data-id=\"74e7524\" data-element_type=\"widget\" data-widget_type=\"text-editor.default\">\n\t\t\t\t<div class=\"elementor-widget-container\">\n\t\t\t\t\t\t\t\t\t<p><strong>PERLASTAN O<\/strong><br \/>Oleoyl sarcosinate<br \/>Corrosion inhibitor<\/p><h1 class=\"wp-block-heading\">Phosphate esters<\/h1><p><strong>SILAPHOS ME 1<\/strong><br \/>C1 alcohol-based mono-phosphate ester<br \/>Corrosion inhibitor<\/p><p><strong>SILAPHOS MDE 2<\/strong><br \/>C2 alcohol-based mono- and di-phosphate ester<br \/>Corrosion inhibitor<\/p><p><strong>SILAPHOS MDE N4<\/strong><br \/>(n-butyl) C4 alcohol-based mono- and di-phosphate ester<br \/>Corrosion inhibitor<\/p><p><strong>SILAPHOS MDE 4<\/strong><br \/>(iso-butyl) C4 alcohol-based mono- and di-phosphate ester<br \/>Corrosion inhibitor<\/p><p><strong>SILAPHOS MDE S8<\/strong><br \/>(2-ethylhexyl) C8 alcohol-based mono- and di-phosphate ester<br \/>Corrosion inhibitor<\/p><p><strong>SILAPHOS MDE 12<\/strong><br \/>C12 alcohol-based mono- and di-phosphate ester<br \/>Corrosion inhibitor<\/p><p><strong>SILAPHOS ME 16 K30<\/strong><br \/>C16 alcohol-based mono-phosphate ester<br \/>Corrosion inhibitor<\/p><p><strong>SILAPHOS MDE F17<\/strong><br \/>C16\/C18 alcohol-based mono- and di-phosphate ester<br \/>Corrosion inhibitor<\/p><p><strong>SILAPHOS MDE 18<\/strong><br \/>C18 alcohol-based mono- and di-phosphate ester<br \/>Corrosion inhibitor<\/p><p><strong>SILAPHOS MDE U18<\/strong><br \/>C18 (oleyl) alcohol-based mono- and di-phosphate ester<br \/>Corrosion inhibitor<\/p><p><strong>SILAPHOS MDE 104<\/strong><br \/>C10 alcohol-based mono- and di-phosphate ester with 4 EO<br \/>Corrosion inhibitor<\/p><p><strong>SILAPHOS MDE 124<\/strong><br \/>C12 alcohol-based mono- and di-phosphate ester with 4 EO<br \/>Corrosion inhibitor<\/p><p><strong>SILAPHOS MDE S136<\/strong><br \/>C13 (iso) alcohol-based mono- and di-phosphate ester with 6 EO<br \/>Corrosion inhibitor<\/p><p><strong>SILAPHOS MDE S138<\/strong><br \/>C13 (iso) alcohol-based mono- and di-phosphate ester with 8 EO<br \/>Corrosion inhibitor<\/p><p><strong>SILAPHOS ME S143<\/strong><br \/>C13\/C15 (oxo) alcohol-based mono-phosphate ester with 3 EO<br \/>Corrosion inhibitor<\/p><p><strong>SILAPHOS MDE S147<\/strong><br \/>C13\/C15 (oxo) alcohol-based mono- and di-phosphate ester with 7 EO<br \/>Corrosion inhibitor<\/p><p><strong>SILAPHOS MDE F1711<\/strong><br \/>C16\/C18 alcohol-based mono- and di-phosphate ester with 11 EO<br \/>Corrosion inhibitor<\/p><p><strong>SILAPHOS MDE U185<\/strong><br \/>C18 (oleyl) alcohol-based mono- and di-phosphate ester with 5 EO<br \/>Corrosion inhibitor<\/p><p><strong>SILAPHOS MDE 9 NP<\/strong><br \/>Nonylphenol-based mono- and di-phosphate ester with 11 EO<br \/>Corrosion inhibitor<\/p>\t\t\t\t\t\t\t\t<\/div>\n\t\t\t\t<\/div>\n\t\t\t\t<\/div>\n\t\t\t\t\t<\/div>\n\t\t\t\t<\/div>\n\t\t\t\t<\/div>","protected":false},"excerpt":{"rendered":"<p>Inhibitory korozji Kwasy sarkozynianowe i glutaminianowe PERLASTAN OCVOleoyl\u00a0 sarkozynianowyInhibitor korozji Sprawd\u017c szczeg\u00f3\u0142y \u015arodki specjalne: Aminokwasy powierzchniowo czynne oparte na GLUTAMINIAN, Aminokwasy powierzchniowo czynne oparte na Sarkozynian, Pochodnych kwas\u00f3w t\u0142uszczowych, Estry kwasu fosforowego PERLASTAN OOleoyl sarkozynianowyInhibitor korozji Estry fosforanowe SILAPHOS ME 1Fosforan mono-ester oparty na alkoholu C1Inhibitor korozji SILAPHOS MDE 2Fosforan mono i dwu estrowy ester [&hellip;]<\/p>","protected":false},"author":1,"featured_media":0,"parent":0,"menu_order":0,"comment_status":"closed","ping_status":"closed","template":"","meta":{"footnotes":""},"class_list":["post-1369","page","type-page","status-publish","hentry"],"_links":{"self":[{"href":"https:\/\/bioenergy-ir.pl\/en\/wp-json\/wp\/v2\/pages\/1369","targetHints":{"allow":["GET"]}}],"collection":[{"href":"https:\/\/bioenergy-ir.pl\/en\/wp-json\/wp\/v2\/pages"}],"about":[{"href":"https:\/\/bioenergy-ir.pl\/en\/wp-json\/wp\/v2\/types\/page"}],"author":[{"embeddable":true,"href":"https:\/\/bioenergy-ir.pl\/en\/wp-json\/wp\/v2\/users\/1"}],"replies":[{"embeddable":true,"href":"https:\/\/bioenergy-ir.pl\/en\/wp-json\/wp\/v2\/comments?post=1369"}],"version-history":[{"count":5,"href":"https:\/\/bioenergy-ir.pl\/en\/wp-json\/wp\/v2\/pages\/1369\/revisions"}],"predecessor-version":[{"id":1528,"href":"https:\/\/bioenergy-ir.pl\/en\/wp-json\/wp\/v2\/pages\/1369\/revisions\/1528"}],"wp:attachment":[{"href":"https:\/\/bioenergy-ir.pl\/en\/wp-json\/wp\/v2\/media?parent=1369"}],"curies":[{"name":"wp","href":"https:\/\/api.w.org\/{rel}","templated":true}]}}