{"id":1347,"date":"2026-01-25T20:45:30","date_gmt":"2026-01-25T19:45:30","guid":{"rendered":"https:\/\/bioenergy-ir.pl\/?page_id=1347"},"modified":"2026-02-04T06:12:04","modified_gmt":"2026-02-04T05:12:04","slug":"uszlachetnianie-tekstyliow","status":"publish","type":"page","link":"https:\/\/bioenergy-ir.pl\/en\/uszlachetnianie-tekstyliow\/","title":{"rendered":"Textile enhancement"},"content":{"rendered":"<div data-elementor-type=\"wp-page\" data-elementor-id=\"1347\" class=\"elementor elementor-1347\" data-elementor-post-type=\"page\">\n\t\t\t\t<div class=\"elementor-element elementor-element-c185c50 oferta e-flex e-con-boxed e-con e-parent\" data-id=\"c185c50\" data-element_type=\"container\" data-settings=\"{&quot;background_background&quot;:&quot;classic&quot;}\">\n\t\t\t\t\t<div class=\"e-con-inner\">\n\t\t\t\t<div class=\"elementor-element elementor-element-a4858e7 elementor-widget elementor-widget-heading\" data-id=\"a4858e7\" data-element_type=\"widget\" data-widget_type=\"heading.default\">\n\t\t\t\t<div class=\"elementor-widget-container\">\n\t\t\t\t\t<h2 class=\"elementor-heading-title elementor-size-default\">Textile enhancement\n<\/h2>\t\t\t\t<\/div>\n\t\t\t\t<\/div>\n\t\t\t\t<div class=\"elementor-element elementor-element-0ea9c28 elementor-widget-divider--view-line elementor-widget elementor-widget-divider\" data-id=\"0ea9c28\" data-element_type=\"widget\" data-widget_type=\"divider.default\">\n\t\t\t\t<div class=\"elementor-widget-container\">\n\t\t\t\t\t\t\t<div class=\"elementor-divider\">\n\t\t\t<span class=\"elementor-divider-separator\">\n\t\t\t\t\t\t<\/span>\n\t\t<\/div>\n\t\t\t\t\t\t<\/div>\n\t\t\t\t<\/div>\n\t\t\t\t\t<\/div>\n\t\t\t\t<\/div>\n\t\t<div class=\"elementor-element elementor-element-75cfa91 e-flex e-con-boxed e-con e-parent\" data-id=\"75cfa91\" data-element_type=\"container\">\n\t\t\t\t\t<div class=\"e-con-inner\">\n\t\t\t\t<div class=\"elementor-element elementor-element-4fb337a elementor-hidden-desktop elementor-hidden-tablet elementor-hidden-mobile elementor-widget elementor-widget-text-editor\" data-id=\"4fb337a\" data-element_type=\"widget\" data-widget_type=\"text-editor.default\">\n\t\t\t\t<div class=\"elementor-widget-container\">\n\t\t\t\t\t\t\t\t\t<h1 class=\"wp-block-heading\">Hydrophobic and oil-repellent agents<\/h1><p><strong>EVORALTG<\/strong><br \/>fluororesin dispersion.<br \/>Finishing textile materials to be water- and oil-repellent.<\/p><p>\u00a0<\/p><h1 class=\"wp-block-heading\">Flame retardants<\/h1><p><strong>FLACAVON ALH<\/strong><br \/>aqueous dispersion of halogens, inorganic aluminum compounds<br \/>For fabric protection.<\/p><p><strong>FC 4041\/03<\/strong><br \/>aqueous compound containing nitrogen and phosphorus solution.<br \/>For flame-retardant finishing of upholstery fabrics and other materials made of cellulose, wool fibers, and their blends with up to 20% PES.<\/p><p><strong>FLACAVON B 45<\/strong><br \/>aqueous solution containing phosphorus and halogen compounds<\/p><p><strong>FLACAVON AZ<\/strong><br \/>aqueous solution of phosphoric acid derivatives<\/p><div class=\"wp-block-spacer\" aria-hidden=\"true\">\u00a0<\/div><h1 class=\"wp-block-heading\">Antistatic agents<\/h1><p><strong>POLYFIX N<\/strong><br \/>phosphoric acid ester<br \/>Antistatic agent for needling.<br \/><strong><br \/>POLYFIX WTX<\/strong><br \/>self-crosslinking condensate<br \/>Products with durable antistatic effect<\/p><div class=\"wp-block-spacer\" aria-hidden=\"true\">\u00a0<\/div><h1 class=\"wp-block-heading\">Softening agents<\/h1><p><strong>UKANOL SOFT 1707<\/strong><br \/>microemulsion with organically modified polysiloxane compounds<br \/>Hydrophilic silicone softening agent<\/p><p><strong>UKANOL QUEST AP 39<\/strong><br \/>preparation for water softening<\/p><p><strong>UKANOL LUB ENS 83<\/strong><br \/>anti-wrinkling agent<\/p><div class=\"wp-block-spacer\" aria-hidden=\"true\">\u00a0<\/div><h1 class=\"wp-block-heading\">Anti-foaming agents<\/h1><p><strong>DESPUMOL\u00a0 ENT 78<br \/><br \/>PRECO-ENTSCHAUMER SE<\/strong><\/p><div class=\"wp-block-spacer\" aria-hidden=\"true\">\u00a0<\/div><h1 class=\"wp-block-heading\">Adhesives<\/h1><p><strong>UKALIT FN GW<\/strong><br \/>Specialized adhesive for bonding materials using the adhesive\u2019s self-sticking properties<\/p>\t\t\t\t\t\t\t\t<\/div>\n\t\t\t\t<\/div>\n\t\t\t\t<div class=\"elementor-element elementor-element-95136e2 elementor-widget elementor-widget-text-editor\" data-id=\"95136e2\" data-element_type=\"widget\" data-widget_type=\"text-editor.default\">\n\t\t\t\t<div class=\"elementor-widget-container\">\n\t\t\t\t\t\t\t\t\t<h1>Properties \/ features:<\/h1><ul><li>Non-magnetic <\/li><li>Anti-foaming<\/li><li>Antistatic<\/li><li>Hydrophobic<\/li><li>Flame-retardant<\/li><li>Wear-reducing<\/li><li>Anti-crease \/ anti-kink (preventing material folding)<\/li><li>Antifungal<\/li><\/ul>\t\t\t\t\t\t\t\t<\/div>\n\t\t\t\t<\/div>\n\t\t\t\t\t<\/div>\n\t\t\t\t<\/div>\n\t\t\t\t<\/div>","protected":false},"excerpt":{"rendered":"<p>Uszlachetnianie tekstyli\u00f3w \u015arodki hydrofobowe i olejowe EVORALTGdyspersja\u00a0\u017cywic\u00a0fluorowych.Wyka\u0144czanie materia\u0142\u00f3w w\u0142\u00f3kienniczych hydro i olejofobowo. \u00a0 \u015arodki ograniczaj\u0105ce palno\u015b\u0107 FLACAVON ALHwodnej dyspersji halogen\u00f3w, zwi\u0105zk\u00f3w nieorganicznych aluminiumDo zabezpieczania tkanin. FC 4041\/03wodny zwi\u0105zek zawieraj\u0105cy. roztw\u00f3r\u00a0azotu i fosforu.Do trudnopalnego\u00a0 wyka\u0144czania\u00a0tkanin obiciowych i innych materia\u0142\u00f3w wykonanych z\u00a0\u00a0celulozy,\u00a0w\u0142\u00f3kien\u00a0we\u0142ny\u00a0i\u00a0ich mieszanin do 20% PES FLACAVON B 45wodny roztw\u00f3r zawieraj\u0105cy zwi\u0105zki fosforowe i halogenowe FLACAVON AZwodny [&hellip;]<\/p>","protected":false},"author":1,"featured_media":0,"parent":0,"menu_order":0,"comment_status":"closed","ping_status":"closed","template":"","meta":{"footnotes":""},"class_list":["post-1347","page","type-page","status-publish","hentry"],"_links":{"self":[{"href":"https:\/\/bioenergy-ir.pl\/en\/wp-json\/wp\/v2\/pages\/1347","targetHints":{"allow":["GET"]}}],"collection":[{"href":"https:\/\/bioenergy-ir.pl\/en\/wp-json\/wp\/v2\/pages"}],"about":[{"href":"https:\/\/bioenergy-ir.pl\/en\/wp-json\/wp\/v2\/types\/page"}],"author":[{"embeddable":true,"href":"https:\/\/bioenergy-ir.pl\/en\/wp-json\/wp\/v2\/users\/1"}],"replies":[{"embeddable":true,"href":"https:\/\/bioenergy-ir.pl\/en\/wp-json\/wp\/v2\/comments?post=1347"}],"version-history":[{"count":5,"href":"https:\/\/bioenergy-ir.pl\/en\/wp-json\/wp\/v2\/pages\/1347\/revisions"}],"predecessor-version":[{"id":1522,"href":"https:\/\/bioenergy-ir.pl\/en\/wp-json\/wp\/v2\/pages\/1347\/revisions\/1522"}],"wp:attachment":[{"href":"https:\/\/bioenergy-ir.pl\/en\/wp-json\/wp\/v2\/media?parent=1347"}],"curies":[{"name":"wp","href":"https:\/\/api.w.org\/{rel}","templated":true}]}}