{"id":1325,"date":"2026-01-25T20:15:35","date_gmt":"2026-01-25T19:15:35","guid":{"rendered":"https:\/\/bioenergy-ir.pl\/?page_id=1325"},"modified":"2026-01-25T20:31:23","modified_gmt":"2026-01-25T19:31:23","slug":"wirusobojcze-zarowki","status":"publish","type":"page","link":"https:\/\/bioenergy-ir.pl\/en\/wirusobojcze-zarowki\/","title":{"rendered":"Antiviral light bulbs"},"content":{"rendered":"<div data-elementor-type=\"wp-page\" data-elementor-id=\"1325\" class=\"elementor elementor-1325\" data-elementor-post-type=\"page\">\n\t\t\t\t<div class=\"elementor-element elementor-element-4c059b9 oferta e-flex e-con-boxed e-con e-parent\" data-id=\"4c059b9\" data-element_type=\"container\" data-settings=\"{&quot;background_background&quot;:&quot;classic&quot;}\">\n\t\t\t\t\t<div class=\"e-con-inner\">\n\t\t\t\t<div class=\"elementor-element elementor-element-a490348 elementor-widget elementor-widget-heading\" data-id=\"a490348\" data-element_type=\"widget\" data-widget_type=\"heading.default\">\n\t\t\t\t<div class=\"elementor-widget-container\">\n\t\t\t\t\t<h2 class=\"elementor-heading-title elementor-size-default\">Antiviral light bulbs<\/h2>\t\t\t\t<\/div>\n\t\t\t\t<\/div>\n\t\t\t\t<div class=\"elementor-element elementor-element-9d05678 elementor-widget-divider--view-line elementor-widget elementor-widget-divider\" data-id=\"9d05678\" data-element_type=\"widget\" data-widget_type=\"divider.default\">\n\t\t\t\t<div class=\"elementor-widget-container\">\n\t\t\t\t\t\t\t<div class=\"elementor-divider\">\n\t\t\t<span class=\"elementor-divider-separator\">\n\t\t\t\t\t\t<\/span>\n\t\t<\/div>\n\t\t\t\t\t\t<\/div>\n\t\t\t\t<\/div>\n\t\t\t\t\t<\/div>\n\t\t\t\t<\/div>\n\t\t<div class=\"elementor-element elementor-element-13b025b e-flex e-con-boxed e-con e-parent\" data-id=\"13b025b\" data-element_type=\"container\">\n\t\t\t\t\t<div class=\"e-con-inner\">\n\t\t<div class=\"elementor-element elementor-element-a46062b e-con-full e-flex e-con e-child\" data-id=\"a46062b\" data-element_type=\"container\">\n\t\t\t\t<div class=\"elementor-element elementor-element-47e3ddb elementor-widget elementor-widget-heading\" data-id=\"47e3ddb\" data-element_type=\"widget\" data-widget_type=\"heading.default\">\n\t\t\t\t<div class=\"elementor-widget-container\">\n\t\t\t\t\t<h2 class=\"elementor-heading-title elementor-size-default\">An Extraordinary Light Bulb for Special Tasks\n<\/h2>\t\t\t\t<\/div>\n\t\t\t\t<\/div>\n\t\t\t\t<div class=\"elementor-element elementor-element-1a41053 elementor-widget-divider--view-line elementor-widget elementor-widget-divider\" data-id=\"1a41053\" data-element_type=\"widget\" data-widget_type=\"divider.default\">\n\t\t\t\t<div class=\"elementor-widget-container\">\n\t\t\t\t\t\t\t<div class=\"elementor-divider\">\n\t\t\t<span class=\"elementor-divider-separator\">\n\t\t\t\t\t\t<\/span>\n\t\t<\/div>\n\t\t\t\t\t\t<\/div>\n\t\t\t\t<\/div>\n\t\t\t\t<div class=\"elementor-element elementor-element-faf8b95 elementor-widget elementor-widget-text-editor\" data-id=\"faf8b95\" data-element_type=\"widget\" data-widget_type=\"text-editor.default\">\n\t\t\t\t<div class=\"elementor-widget-container\">\n\t\t\t\t\t\t\t\t\t<p>Our LED bulbs emit electromagnetic radiation while simultaneously transmitting infrared (IR) radiation released by a special coating made from a composition of microcrystals of thirty natural rare-earth minerals. As a result, the unique properties of our product reach everywhere the bulb\u2019s light reaches.<\/p><p>The application of this solution may revolutionize the production of bactericidal and virucidal lamps, which have traditionally relied on the emission of radiation harmful to living organisms (including humans), such as UV radiation with a wavelength of 286 nm. Our products are free from such radiation. Instead, they emit infrared radiation that is harmless to humans, with a wavelength range of 2\u201316 \u00b5m.<\/p><p>The foundation for the development of our bulbs comes from scientific research conducted by British scientists on the combination and transmission of infrared (IR) waves of different wavelengths over long distances.<\/p><p>Publications by an American\u2013Chinese research consortium on combating bacteria using infrared (IR) radiation of appropriate wavelengths were also utilized, analogous to the technology applied in our T-shirts and underwear.<\/p>\t\t\t\t\t\t\t\t<\/div>\n\t\t\t\t<\/div>\n\t\t\t\t<\/div>\n\t\t<div class=\"elementor-element elementor-element-0d0d05d e-con-full e-flex e-con e-child\" data-id=\"0d0d05d\" data-element_type=\"container\">\n\t\t\t\t<div class=\"elementor-element elementor-element-de0c3a9 elementor-widget elementor-widget-image\" data-id=\"de0c3a9\" data-element_type=\"widget\" data-widget_type=\"image.default\">\n\t\t\t\t<div class=\"elementor-widget-container\">\n\t\t\t\t\t\t\t\t\t\t\t\t\t\t\t<img fetchpriority=\"high\" decoding=\"async\" width=\"564\" height=\"688\" src=\"https:\/\/bioenergy-ir.pl\/wp-content\/uploads\/2024\/12\/1.jpg\" class=\"attachment-large size-large wp-image-907\" alt=\"\" srcset=\"https:\/\/bioenergy-ir.pl\/wp-content\/uploads\/2024\/12\/1.jpg 564w, https:\/\/bioenergy-ir.pl\/wp-content\/uploads\/2024\/12\/1-246x300.jpg 246w\" sizes=\"(max-width: 564px) 100vw, 564px\" \/>\t\t\t\t\t\t\t\t\t\t\t\t\t\t\t<\/div>\n\t\t\t\t<\/div>\n\t\t\t\t<\/div>\n\t\t\t\t\t<\/div>\n\t\t\t\t<\/div>\n\t\t<div class=\"elementor-element elementor-element-77b5a1d e-flex e-con-boxed e-con e-parent\" data-id=\"77b5a1d\" data-element_type=\"container\">\n\t\t\t\t\t<div class=\"e-con-inner\">\n\t\t<div class=\"elementor-element elementor-element-c86d6f0 e-con-full e-flex e-con e-child\" data-id=\"c86d6f0\" data-element_type=\"container\">\n\t\t\t\t<div class=\"elementor-element elementor-element-5fa3fbd elementor-hidden-mobile elementor-widget elementor-widget-image\" data-id=\"5fa3fbd\" data-element_type=\"widget\" data-widget_type=\"image.default\">\n\t\t\t\t<div class=\"elementor-widget-container\">\n\t\t\t\t\t\t\t\t\t\t\t\t\t\t\t<img decoding=\"async\" width=\"450\" height=\"600\" src=\"https:\/\/bioenergy-ir.pl\/wp-content\/uploads\/2024\/12\/IMG_1208.jpg\" class=\"attachment-large size-large wp-image-863\" alt=\"\" srcset=\"https:\/\/bioenergy-ir.pl\/wp-content\/uploads\/2024\/12\/IMG_1208.jpg 450w, https:\/\/bioenergy-ir.pl\/wp-content\/uploads\/2024\/12\/IMG_1208-225x300.jpg 225w\" sizes=\"(max-width: 450px) 100vw, 450px\" \/>\t\t\t\t\t\t\t\t\t\t\t\t\t\t\t<\/div>\n\t\t\t\t<\/div>\n\t\t\t\t<\/div>\n\t\t<div class=\"elementor-element elementor-element-2e40b0d e-con-full e-flex e-con e-child\" data-id=\"2e40b0d\" data-element_type=\"container\">\n\t\t\t\t<div class=\"elementor-element elementor-element-fe882cb elementor-widget elementor-widget-text-editor\" data-id=\"fe882cb\" data-element_type=\"widget\" data-widget_type=\"text-editor.default\">\n\t\t\t\t<div class=\"elementor-widget-container\">\n\t\t\t\t\t\t\t\t\t<p>This solution can also be applied to virus deactivation. Tests conducted at the Wroc\u0142aw University of Environmental and Life Sciences demonstrated that the emission of the above-mentioned light radiation combined with infrared radiation resulted in the deactivation of 99.9% of Adenovirus type 5 within 3 hours.<\/p><p>This is therefore a groundbreaking solution with patent potential.<\/p><p>The composition can be applied directly to LED bulbs or to decorative covers made of nonwoven fabric. In addition, decorative lamps made from imported (Italian) components with unique, distinctive designs can be produced to special order.<\/p>\t\t\t\t\t\t\t\t<\/div>\n\t\t\t\t<\/div>\n\t\t\t\t<div class=\"elementor-element elementor-element-74b37df elementor-widget elementor-widget-button\" data-id=\"74b37df\" data-element_type=\"widget\" data-widget_type=\"button.default\">\n\t\t\t\t<div class=\"elementor-widget-container\">\n\t\t\t\t\t\t\t\t\t<div class=\"elementor-button-wrapper\">\n\t\t\t\t\t<a class=\"elementor-button elementor-button-link elementor-size-sm elementor-animation-shrink\" href=\"https:\/\/bioenergy-ir.pl\/en\/zarowki1\/\">\n\t\t\t\t\t\t<span class=\"elementor-button-content-wrapper\">\n\t\t\t\t\t\t\t\t\t<span class=\"elementor-button-text\">Read more<\/span>\n\t\t\t\t\t<\/span>\n\t\t\t\t\t<\/a>\n\t\t\t\t<\/div>\n\t\t\t\t\t\t\t\t<\/div>\n\t\t\t\t<\/div>\n\t\t\t\t<div class=\"elementor-element elementor-element-f5b7a6f elementor-hidden-desktop elementor-hidden-tablet elementor-widget elementor-widget-image\" data-id=\"f5b7a6f\" data-element_type=\"widget\" data-widget_type=\"image.default\">\n\t\t\t\t<div class=\"elementor-widget-container\">\n\t\t\t\t\t\t\t\t\t\t\t\t\t\t\t<img decoding=\"async\" width=\"450\" height=\"600\" src=\"https:\/\/bioenergy-ir.pl\/wp-content\/uploads\/2024\/12\/IMG_1208.jpg\" class=\"attachment-large size-large wp-image-863\" alt=\"\" srcset=\"https:\/\/bioenergy-ir.pl\/wp-content\/uploads\/2024\/12\/IMG_1208.jpg 450w, https:\/\/bioenergy-ir.pl\/wp-content\/uploads\/2024\/12\/IMG_1208-225x300.jpg 225w\" sizes=\"(max-width: 450px) 100vw, 450px\" \/>\t\t\t\t\t\t\t\t\t\t\t\t\t\t\t<\/div>\n\t\t\t\t<\/div>\n\t\t\t\t<\/div>\n\t\t\t\t\t<\/div>\n\t\t\t\t<\/div>\n\t\t\t\t<\/div>","protected":false},"excerpt":{"rendered":"<p>Wirusob\u00f3jcze \u017car\u00f3wki Niezwyk\u0142a \u017car\u00f3wka do zada\u0144 specjalnych Nasze \u017car\u00f3wki emituj\u0105ce promieniowanie elektromagnetyczne LED transportuj\u0105 jednocze\u015bnie promieniowanie IR, wyemitowane przez specjaln\u0105 pow\u0142ok\u0119 stworzon\u0105 z kompozycji mikrokryszta\u0142\u00f3w trzydziestu naturalnych minera\u0142\u00f3w ziem rzadkich. Sprawia to, \u017ce unikalne w\u0142a\u015bciwo\u015bci naszego produktu docieraj\u0105 wsz\u0119dzie tam, gdzie dociera \u015bwiat\u0142o \u017car\u00f3wki. Zastosowanie tego rozwi\u0105zania mo\u017ce zrewolucjonizowa\u0107 produkcj\u0119 lamp bakterio- i wirusob\u00f3jczych, w [&hellip;]<\/p>","protected":false},"author":1,"featured_media":0,"parent":0,"menu_order":0,"comment_status":"closed","ping_status":"closed","template":"","meta":{"footnotes":""},"class_list":["post-1325","page","type-page","status-publish","hentry"],"_links":{"self":[{"href":"https:\/\/bioenergy-ir.pl\/en\/wp-json\/wp\/v2\/pages\/1325","targetHints":{"allow":["GET"]}}],"collection":[{"href":"https:\/\/bioenergy-ir.pl\/en\/wp-json\/wp\/v2\/pages"}],"about":[{"href":"https:\/\/bioenergy-ir.pl\/en\/wp-json\/wp\/v2\/types\/page"}],"author":[{"embeddable":true,"href":"https:\/\/bioenergy-ir.pl\/en\/wp-json\/wp\/v2\/users\/1"}],"replies":[{"embeddable":true,"href":"https:\/\/bioenergy-ir.pl\/en\/wp-json\/wp\/v2\/comments?post=1325"}],"version-history":[{"count":5,"href":"https:\/\/bioenergy-ir.pl\/en\/wp-json\/wp\/v2\/pages\/1325\/revisions"}],"predecessor-version":[{"id":1339,"href":"https:\/\/bioenergy-ir.pl\/en\/wp-json\/wp\/v2\/pages\/1325\/revisions\/1339"}],"wp:attachment":[{"href":"https:\/\/bioenergy-ir.pl\/en\/wp-json\/wp\/v2\/media?parent=1325"}],"curies":[{"name":"wp","href":"https:\/\/api.w.org\/{rel}","templated":true}]}}