{"id":1262,"date":"2026-01-25T19:08:11","date_gmt":"2026-01-25T18:08:11","guid":{"rendered":"https:\/\/bioenergy-ir.pl\/?page_id=1262"},"modified":"2026-02-04T06:47:02","modified_gmt":"2026-02-04T05:47:02","slug":"t-shirty-i-bielizna-energetyczna","status":"publish","type":"page","link":"https:\/\/bioenergy-ir.pl\/en\/t-shirty-i-bielizna-energetyczna\/","title":{"rendered":"Energy T-Shirts and Underwear"},"content":{"rendered":"<div data-elementor-type=\"wp-page\" data-elementor-id=\"1262\" class=\"elementor elementor-1262\" data-elementor-post-type=\"page\">\n\t\t\t\t<div class=\"elementor-element elementor-element-3c1f0a8 oferta e-flex e-con-boxed e-con e-parent\" data-id=\"3c1f0a8\" data-element_type=\"container\" data-settings=\"{&quot;background_background&quot;:&quot;classic&quot;}\">\n\t\t\t\t\t<div class=\"e-con-inner\">\n\t\t\t\t<div class=\"elementor-element elementor-element-6596c1a elementor-widget elementor-widget-heading\" data-id=\"6596c1a\" data-element_type=\"widget\" data-widget_type=\"heading.default\">\n\t\t\t\t<div class=\"elementor-widget-container\">\n\t\t\t\t\t<h2 class=\"elementor-heading-title elementor-size-default\">Energy T-Shirts and Underwear<\/h2>\t\t\t\t<\/div>\n\t\t\t\t<\/div>\n\t\t\t\t<div class=\"elementor-element elementor-element-d9bc40e elementor-widget-divider--view-line elementor-widget elementor-widget-divider\" data-id=\"d9bc40e\" data-element_type=\"widget\" data-widget_type=\"divider.default\">\n\t\t\t\t<div class=\"elementor-widget-container\">\n\t\t\t\t\t\t\t<div class=\"elementor-divider\">\n\t\t\t<span class=\"elementor-divider-separator\">\n\t\t\t\t\t\t<\/span>\n\t\t<\/div>\n\t\t\t\t\t\t<\/div>\n\t\t\t\t<\/div>\n\t\t\t\t\t<\/div>\n\t\t\t\t<\/div>\n\t\t<div class=\"elementor-element elementor-element-ce30e2b e-flex e-con-boxed e-con e-parent\" data-id=\"ce30e2b\" data-element_type=\"container\">\n\t\t\t\t\t<div class=\"e-con-inner\">\n\t\t<div class=\"elementor-element elementor-element-9eae6d9 e-con-full e-flex e-con e-child\" data-id=\"9eae6d9\" data-element_type=\"container\">\n\t\t\t\t<div class=\"elementor-element elementor-element-35e4515 elementor-widget elementor-widget-heading\" data-id=\"35e4515\" data-element_type=\"widget\" data-widget_type=\"heading.default\">\n\t\t\t\t<div class=\"elementor-widget-container\">\n\t\t\t\t\t<h2 class=\"elementor-heading-title elementor-size-default\">How does energy underwear work?\n<\/h2>\t\t\t\t<\/div>\n\t\t\t\t<\/div>\n\t\t\t\t<div class=\"elementor-element elementor-element-9e531ad elementor-widget-divider--view-line elementor-widget elementor-widget-divider\" data-id=\"9e531ad\" data-element_type=\"widget\" data-widget_type=\"divider.default\">\n\t\t\t\t<div class=\"elementor-widget-container\">\n\t\t\t\t\t\t\t<div class=\"elementor-divider\">\n\t\t\t<span class=\"elementor-divider-separator\">\n\t\t\t\t\t\t<\/span>\n\t\t<\/div>\n\t\t\t\t\t\t<\/div>\n\t\t\t\t<\/div>\n\t\t\t\t<div class=\"elementor-element elementor-element-42aa932 elementor-widget elementor-widget-text-editor\" data-id=\"42aa932\" data-element_type=\"widget\" data-widget_type=\"text-editor.default\">\n\t\t\t\t<div class=\"elementor-widget-container\">\n\t\t\t\t\t\t\t\t\t<p>Every human body emits thermal radiation in the range of 8\u201314 \u00b5m. The ceramic particles embedded in our fabric absorb and reflect infrared (IR) radiation, which results in subtle warming of the skin and subcutaneous tissues\u2014an effect known as micro-thermotherapy.\u00a0<em>mikrotermoterapii<\/em><\/p><p>As a result:<\/p><ul class=\"wp-block-list\"><li>greater thermal comfort is felt in cooler environments,<\/li><li>microcirculation and blood flow are improved,<\/li><li>oxygen transport within tissues is supported,<\/li><li>muscles regenerate faster after physical exertion,<\/li><li>a relaxing and anti-inflammatory effect is observed.<\/li><\/ul>\t\t\t\t\t\t\t\t<\/div>\n\t\t\t\t<\/div>\n\t\t\t\t<\/div>\n\t\t<div class=\"elementor-element elementor-element-7c9e7a9 e-con-full e-flex e-con e-child\" data-id=\"7c9e7a9\" data-element_type=\"container\">\n\t\t\t\t<div class=\"elementor-element elementor-element-4eaff90 elementor-widget elementor-widget-image\" data-id=\"4eaff90\" data-element_type=\"widget\" data-widget_type=\"image.default\">\n\t\t\t\t<div class=\"elementor-widget-container\">\n\t\t\t\t\t\t\t\t\t\t\t\t\t\t\t<img fetchpriority=\"high\" decoding=\"async\" width=\"800\" height=\"505\" src=\"https:\/\/bioenergy-ir.pl\/wp-content\/uploads\/2024\/09\/T-shirt-Strona-wewnetrzna-1-1-1024x646.jpg\" class=\"attachment-large size-large wp-image-814\" alt=\"\" srcset=\"https:\/\/bioenergy-ir.pl\/wp-content\/uploads\/2024\/09\/T-shirt-Strona-wewnetrzna-1-1-1024x646.jpg 1024w, https:\/\/bioenergy-ir.pl\/wp-content\/uploads\/2024\/09\/T-shirt-Strona-wewnetrzna-1-1-300x189.jpg 300w, https:\/\/bioenergy-ir.pl\/wp-content\/uploads\/2024\/09\/T-shirt-Strona-wewnetrzna-1-1-768x484.jpg 768w, https:\/\/bioenergy-ir.pl\/wp-content\/uploads\/2024\/09\/T-shirt-Strona-wewnetrzna-1-1.jpg 1080w\" sizes=\"(max-width: 800px) 100vw, 800px\" \/>\t\t\t\t\t\t\t\t\t\t\t\t\t\t\t<\/div>\n\t\t\t\t<\/div>\n\t\t\t\t<\/div>\n\t\t\t\t\t<\/div>\n\t\t\t\t<\/div>\n\t\t<div class=\"elementor-element elementor-element-babb62b e-flex e-con-boxed e-con e-parent\" data-id=\"babb62b\" data-element_type=\"container\">\n\t\t\t\t\t<div class=\"e-con-inner\">\n\t\t<div class=\"elementor-element elementor-element-78ee936 e-con-full e-flex e-con e-child\" data-id=\"78ee936\" data-element_type=\"container\">\n\t\t\t\t<div class=\"elementor-element elementor-element-a3a3c19 elementor-hidden-mobile elementor-widget elementor-widget-image\" data-id=\"a3a3c19\" data-element_type=\"widget\" data-widget_type=\"image.default\">\n\t\t\t\t<div class=\"elementor-widget-container\">\n\t\t\t\t\t\t\t\t\t\t\t\t\t\t\t<img decoding=\"async\" width=\"800\" height=\"671\" src=\"https:\/\/bioenergy-ir.pl\/wp-content\/uploads\/2024\/07\/11.png\" class=\"attachment-large size-large wp-image-763\" alt=\"\" srcset=\"https:\/\/bioenergy-ir.pl\/wp-content\/uploads\/2024\/07\/11.png 940w, https:\/\/bioenergy-ir.pl\/wp-content\/uploads\/2024\/07\/11-300x251.png 300w, https:\/\/bioenergy-ir.pl\/wp-content\/uploads\/2024\/07\/11-768x644.png 768w, https:\/\/bioenergy-ir.pl\/wp-content\/uploads\/2024\/07\/11-600x503.png 600w\" sizes=\"(max-width: 800px) 100vw, 800px\" \/>\t\t\t\t\t\t\t\t\t\t\t\t\t\t\t<\/div>\n\t\t\t\t<\/div>\n\t\t\t\t<\/div>\n\t\t<div class=\"elementor-element elementor-element-62d1689 e-con-full e-flex e-con e-child\" data-id=\"62d1689\" data-element_type=\"container\">\n\t\t\t\t<div class=\"elementor-element elementor-element-e27f9d8 elementor-widget elementor-widget-heading\" data-id=\"e27f9d8\" data-element_type=\"widget\" data-widget_type=\"heading.default\">\n\t\t\t\t<div class=\"elementor-widget-container\">\n\t\t\t\t\t<h2 class=\"elementor-heading-title elementor-size-default\">Effects confirmed by research<\/h2>\t\t\t\t<\/div>\n\t\t\t\t<\/div>\n\t\t\t\t<div class=\"elementor-element elementor-element-c3828b7 elementor-widget-divider--view-line elementor-widget elementor-widget-divider\" data-id=\"c3828b7\" data-element_type=\"widget\" data-widget_type=\"divider.default\">\n\t\t\t\t<div class=\"elementor-widget-container\">\n\t\t\t\t\t\t\t<div class=\"elementor-divider\">\n\t\t\t<span class=\"elementor-divider-separator\">\n\t\t\t\t\t\t<\/span>\n\t\t<\/div>\n\t\t\t\t\t\t<\/div>\n\t\t\t\t<\/div>\n\t\t\t\t<div class=\"elementor-element elementor-element-0a8d1eb elementor-widget elementor-widget-text-editor\" data-id=\"0a8d1eb\" data-element_type=\"widget\" data-widget_type=\"text-editor.default\">\n\t\t\t\t<div class=\"elementor-widget-container\">\n\t\t\t\t\t\t\t\t\t<p>Studies conducted by BioEnergy-IR as well as by recognized scientific institutions, including the Polish Academy of Sciences, Peking University, Tsinghua University, Hohenstein Institute for Textile Innovation GmbH, and the U.S. Army Research Institute of Environmental Medicine (USA), confirm the beneficial effects of using garments that emit infrared (IR) radiation.<\/p><p>The following effects have been observed:<\/p><ul class=\"wp-block-list\"><li>improved balance and body stability,<\/li><li>increased muscle strength and endurance,<\/li><li>improved response to stimuli and reaction time (e.g., in drivers),<\/li><li>better psychophysical well-being,<\/li><li>antibacterial effects.<\/li><\/ul>\t\t\t\t\t\t\t\t<\/div>\n\t\t\t\t<\/div>\n\t\t\t\t<div class=\"elementor-element elementor-element-5717622 elementor-hidden-desktop elementor-hidden-tablet elementor-widget elementor-widget-image\" data-id=\"5717622\" data-element_type=\"widget\" data-widget_type=\"image.default\">\n\t\t\t\t<div class=\"elementor-widget-container\">\n\t\t\t\t\t\t\t\t\t\t\t\t\t\t\t<img decoding=\"async\" width=\"800\" height=\"671\" src=\"https:\/\/bioenergy-ir.pl\/wp-content\/uploads\/2024\/07\/11.png\" class=\"attachment-large size-large wp-image-763\" alt=\"\" srcset=\"https:\/\/bioenergy-ir.pl\/wp-content\/uploads\/2024\/07\/11.png 940w, https:\/\/bioenergy-ir.pl\/wp-content\/uploads\/2024\/07\/11-300x251.png 300w, https:\/\/bioenergy-ir.pl\/wp-content\/uploads\/2024\/07\/11-768x644.png 768w, https:\/\/bioenergy-ir.pl\/wp-content\/uploads\/2024\/07\/11-600x503.png 600w\" sizes=\"(max-width: 800px) 100vw, 800px\" \/>\t\t\t\t\t\t\t\t\t\t\t\t\t\t\t<\/div>\n\t\t\t\t<\/div>\n\t\t\t\t<\/div>\n\t\t\t\t\t<\/div>\n\t\t\t\t<\/div>\n\t\t<div class=\"elementor-element elementor-element-cd6fe05 e-flex e-con-boxed e-con e-parent\" data-id=\"cd6fe05\" data-element_type=\"container\">\n\t\t\t\t\t<div class=\"e-con-inner\">\n\t\t<div class=\"elementor-element elementor-element-089d3e1 e-con-full e-flex e-con e-child\" data-id=\"089d3e1\" data-element_type=\"container\">\n\t\t\t\t<div class=\"elementor-element elementor-element-ebc236a elementor-widget elementor-widget-heading\" data-id=\"ebc236a\" data-element_type=\"widget\" data-widget_type=\"heading.default\">\n\t\t\t\t<div class=\"elementor-widget-container\">\n\t\t\t\t\t<h2 class=\"elementor-heading-title elementor-size-default\">Applications of BioEnergy-IR underwear\n\n<\/h2>\t\t\t\t<\/div>\n\t\t\t\t<\/div>\n\t\t\t\t<div class=\"elementor-element elementor-element-3a438d9 elementor-widget-divider--view-line elementor-widget elementor-widget-divider\" data-id=\"3a438d9\" data-element_type=\"widget\" data-widget_type=\"divider.default\">\n\t\t\t\t<div class=\"elementor-widget-container\">\n\t\t\t\t\t\t\t<div class=\"elementor-divider\">\n\t\t\t<span class=\"elementor-divider-separator\">\n\t\t\t\t\t\t<\/span>\n\t\t<\/div>\n\t\t\t\t\t\t<\/div>\n\t\t\t\t<\/div>\n\t\t\t\t<div class=\"elementor-element elementor-element-0adc8d7 elementor-widget elementor-widget-text-editor\" data-id=\"0adc8d7\" data-element_type=\"widget\" data-widget_type=\"text-editor.default\">\n\t\t\t\t<div class=\"elementor-widget-container\">\n\t\t\t\t\t\t\t\t\t<p>Our products perform well across many areas of life and work:<\/p><ul class=\"wp-block-list\"><li>sports underwear \u2013 ideal for strength sports and endurance training,<\/li><li>underwear for drivers and vehicle-based professionals,<\/li><li>regeneration underwear \u2013 wellness and fitness use,<\/li><li>medical underwear \u2013 for individuals with circulatory issues and low energy levels,<\/li><li>protective underwear \u2013 for cold storage and refrigerated environments,<\/li><li>clothing for physical and mental work requiring prolonged focus and performance.<\/li><\/ul>\t\t\t\t\t\t\t\t<\/div>\n\t\t\t\t<\/div>\n\t\t\t\t<div class=\"elementor-element elementor-element-b74a69b elementor-hidden-desktop elementor-hidden-tablet elementor-widget elementor-widget-gallery\" data-id=\"b74a69b\" data-element_type=\"widget\" data-settings=\"{&quot;columns&quot;:2,&quot;columns_mobile&quot;:2,&quot;gap&quot;:{&quot;unit&quot;:&quot;px&quot;,&quot;size&quot;:15,&quot;sizes&quot;:[]},&quot;aspect_ratio&quot;:&quot;1:1&quot;,&quot;lazyload&quot;:&quot;yes&quot;,&quot;gallery_layout&quot;:&quot;grid&quot;,&quot;columns_tablet&quot;:2,&quot;gap_tablet&quot;:{&quot;unit&quot;:&quot;px&quot;,&quot;size&quot;:10,&quot;sizes&quot;:[]},&quot;gap_mobile&quot;:{&quot;unit&quot;:&quot;px&quot;,&quot;size&quot;:10,&quot;sizes&quot;:[]},&quot;link_to&quot;:&quot;file&quot;,&quot;overlay_background&quot;:&quot;yes&quot;,&quot;content_hover_animation&quot;:&quot;fade-in&quot;}\" data-widget_type=\"gallery.default\">\n\t\t\t\t<div class=\"elementor-widget-container\">\n\t\t\t\t\t\t\t<div class=\"elementor-gallery__container\">\n\t\t\t\t\t\t\t<a class=\"e-gallery-item elementor-gallery-item elementor-animated-content\" href=\"https:\/\/bioenergy-ir.pl\/wp-content\/uploads\/2024\/07\/13.png\" data-elementor-open-lightbox=\"yes\" data-elementor-lightbox-slideshow=\"b74a69b\" data-elementor-lightbox-title=\"13\" data-e-action-hash=\"#elementor-action%3Aaction%3Dlightbox%26settings%3DeyJpZCI6NzY1LCJ1cmwiOiJodHRwczpcL1wvYmlvZW5lcmd5LWlyLnBsXC93cC1jb250ZW50XC91cGxvYWRzXC8yMDI0XC8wN1wvMTMucG5nIiwic2xpZGVzaG93IjoiYjc0YTY5YiJ9\">\n\t\t\t\t\t<div class=\"e-gallery-image elementor-gallery-item__image\" data-thumbnail=\"https:\/\/bioenergy-ir.pl\/wp-content\/uploads\/2024\/07\/13-768x644.png\" data-width=\"768\" data-height=\"644\" aria-label=\"\" role=\"img\" ><\/div>\n\t\t\t\t\t\t\t\t\t\t\t<div class=\"elementor-gallery-item__overlay\"><\/div>\n\t\t\t\t\t\t\t\t\t\t\t\t\t\t<\/a>\n\t\t\t\t\t\t\t<a class=\"e-gallery-item elementor-gallery-item elementor-animated-content\" href=\"https:\/\/bioenergy-ir.pl\/wp-content\/uploads\/2024\/07\/12.png\" data-elementor-open-lightbox=\"yes\" data-elementor-lightbox-slideshow=\"b74a69b\" data-elementor-lightbox-title=\"12\" data-e-action-hash=\"#elementor-action%3Aaction%3Dlightbox%26settings%3DeyJpZCI6NzY0LCJ1cmwiOiJodHRwczpcL1wvYmlvZW5lcmd5LWlyLnBsXC93cC1jb250ZW50XC91cGxvYWRzXC8yMDI0XC8wN1wvMTIucG5nIiwic2xpZGVzaG93IjoiYjc0YTY5YiJ9\">\n\t\t\t\t\t<div class=\"e-gallery-image elementor-gallery-item__image\" data-thumbnail=\"https:\/\/bioenergy-ir.pl\/wp-content\/uploads\/2024\/07\/12-768x644.png\" data-width=\"768\" data-height=\"644\" aria-label=\"\" role=\"img\" ><\/div>\n\t\t\t\t\t\t\t\t\t\t\t<div class=\"elementor-gallery-item__overlay\"><\/div>\n\t\t\t\t\t\t\t\t\t\t\t\t\t\t<\/a>\n\t\t\t\t\t\t\t<a class=\"e-gallery-item elementor-gallery-item elementor-animated-content\" href=\"https:\/\/bioenergy-ir.pl\/wp-content\/uploads\/2024\/07\/14.png\" data-elementor-open-lightbox=\"yes\" data-elementor-lightbox-slideshow=\"b74a69b\" data-elementor-lightbox-title=\"14\" data-e-action-hash=\"#elementor-action%3Aaction%3Dlightbox%26settings%3DeyJpZCI6NzY2LCJ1cmwiOiJodHRwczpcL1wvYmlvZW5lcmd5LWlyLnBsXC93cC1jb250ZW50XC91cGxvYWRzXC8yMDI0XC8wN1wvMTQucG5nIiwic2xpZGVzaG93IjoiYjc0YTY5YiJ9\">\n\t\t\t\t\t<div class=\"e-gallery-image elementor-gallery-item__image\" data-thumbnail=\"https:\/\/bioenergy-ir.pl\/wp-content\/uploads\/2024\/07\/14-768x644.png\" data-width=\"768\" data-height=\"644\" aria-label=\"\" role=\"img\" ><\/div>\n\t\t\t\t\t\t\t\t\t\t\t<div class=\"elementor-gallery-item__overlay\"><\/div>\n\t\t\t\t\t\t\t\t\t\t\t\t\t\t<\/a>\n\t\t\t\t\t\t\t<a class=\"e-gallery-item elementor-gallery-item elementor-animated-content\" href=\"https:\/\/bioenergy-ir.pl\/wp-content\/uploads\/2026\/01\/a1.jpg\" data-elementor-open-lightbox=\"yes\" data-elementor-lightbox-slideshow=\"b74a69b\" data-elementor-lightbox-title=\"a1\" data-e-action-hash=\"#elementor-action%3Aaction%3Dlightbox%26settings%3DeyJpZCI6OTg1LCJ1cmwiOiJodHRwczpcL1wvYmlvZW5lcmd5LWlyLnBsXC93cC1jb250ZW50XC91cGxvYWRzXC8yMDI2XC8wMVwvYTEuanBnIiwic2xpZGVzaG93IjoiYjc0YTY5YiJ9\">\n\t\t\t\t\t<div class=\"e-gallery-image elementor-gallery-item__image\" data-thumbnail=\"https:\/\/bioenergy-ir.pl\/wp-content\/uploads\/2026\/01\/a1-768x768.jpg\" data-width=\"768\" data-height=\"768\" aria-label=\"\" role=\"img\" ><\/div>\n\t\t\t\t\t\t\t\t\t\t\t<div class=\"elementor-gallery-item__overlay\"><\/div>\n\t\t\t\t\t\t\t\t\t\t\t\t\t\t<\/a>\n\t\t\t\t\t<\/div>\n\t\t\t\t\t<\/div>\n\t\t\t\t<\/div>\n\t\t\t\t<div class=\"elementor-element elementor-element-72c77d9 elementor-widget elementor-widget-heading\" data-id=\"72c77d9\" data-element_type=\"widget\" data-widget_type=\"heading.default\">\n\t\t\t\t<div class=\"elementor-widget-container\">\n\t\t\t\t\t<h2 class=\"elementor-heading-title elementor-size-default\">Comfort, health, and technology \u2013 in one\n<\/h2>\t\t\t\t<\/div>\n\t\t\t\t<\/div>\n\t\t\t\t<div class=\"elementor-element elementor-element-e52bce5 elementor-widget-divider--view-line elementor-widget elementor-widget-divider\" data-id=\"e52bce5\" data-element_type=\"widget\" data-widget_type=\"divider.default\">\n\t\t\t\t<div class=\"elementor-widget-container\">\n\t\t\t\t\t\t\t<div class=\"elementor-divider\">\n\t\t\t<span class=\"elementor-divider-separator\">\n\t\t\t\t\t\t<\/span>\n\t\t<\/div>\n\t\t\t\t\t\t<\/div>\n\t\t\t\t<\/div>\n\t\t\t\t<div class=\"elementor-element elementor-element-7e7b6b2 elementor-widget elementor-widget-text-editor\" data-id=\"7e7b6b2\" data-element_type=\"widget\" data-widget_type=\"text-editor.default\">\n\t\t\t\t<div class=\"elementor-widget-container\">\n\t\t\t\t\t\t\t\t\t<p>BioEnergy-IR products combine innovation, health, and comfort.<br \/>Our energy underwear offers a natural way to support body regeneration, improve circulation, and enhance vitality\u2014every day.<\/p><p>Detailed instructions for use and care can be found on the product label and packaging.<br \/>Explore our offer and experience the power of energy embedded in fabric.<\/p>\t\t\t\t\t\t\t\t<\/div>\n\t\t\t\t<\/div>\n\t\t\t\t<\/div>\n\t\t<div class=\"elementor-element elementor-element-901be27 e-con-full e-flex e-con e-child\" data-id=\"901be27\" data-element_type=\"container\">\n\t\t\t\t<div class=\"elementor-element elementor-element-ba93c6e elementor-hidden-mobile elementor-widget elementor-widget-gallery\" data-id=\"ba93c6e\" data-element_type=\"widget\" data-settings=\"{&quot;columns&quot;:2,&quot;gap&quot;:{&quot;unit&quot;:&quot;px&quot;,&quot;size&quot;:15,&quot;sizes&quot;:[]},&quot;aspect_ratio&quot;:&quot;1:1&quot;,&quot;lazyload&quot;:&quot;yes&quot;,&quot;gallery_layout&quot;:&quot;grid&quot;,&quot;columns_tablet&quot;:2,&quot;columns_mobile&quot;:1,&quot;gap_tablet&quot;:{&quot;unit&quot;:&quot;px&quot;,&quot;size&quot;:10,&quot;sizes&quot;:[]},&quot;gap_mobile&quot;:{&quot;unit&quot;:&quot;px&quot;,&quot;size&quot;:10,&quot;sizes&quot;:[]},&quot;link_to&quot;:&quot;file&quot;,&quot;overlay_background&quot;:&quot;yes&quot;,&quot;content_hover_animation&quot;:&quot;fade-in&quot;}\" data-widget_type=\"gallery.default\">\n\t\t\t\t<div class=\"elementor-widget-container\">\n\t\t\t\t\t\t\t<div class=\"elementor-gallery__container\">\n\t\t\t\t\t\t\t<a class=\"e-gallery-item elementor-gallery-item elementor-animated-content\" href=\"https:\/\/bioenergy-ir.pl\/wp-content\/uploads\/2024\/07\/13.png\" data-elementor-open-lightbox=\"yes\" data-elementor-lightbox-slideshow=\"ba93c6e\" data-elementor-lightbox-title=\"13\" data-e-action-hash=\"#elementor-action%3Aaction%3Dlightbox%26settings%3DeyJpZCI6NzY1LCJ1cmwiOiJodHRwczpcL1wvYmlvZW5lcmd5LWlyLnBsXC93cC1jb250ZW50XC91cGxvYWRzXC8yMDI0XC8wN1wvMTMucG5nIiwic2xpZGVzaG93IjoiYmE5M2M2ZSJ9\">\n\t\t\t\t\t<div class=\"e-gallery-image elementor-gallery-item__image\" data-thumbnail=\"https:\/\/bioenergy-ir.pl\/wp-content\/uploads\/2024\/07\/13-768x644.png\" data-width=\"768\" data-height=\"644\" aria-label=\"\" role=\"img\" ><\/div>\n\t\t\t\t\t\t\t\t\t\t\t<div class=\"elementor-gallery-item__overlay\"><\/div>\n\t\t\t\t\t\t\t\t\t\t\t\t\t\t<\/a>\n\t\t\t\t\t\t\t<a class=\"e-gallery-item elementor-gallery-item elementor-animated-content\" href=\"https:\/\/bioenergy-ir.pl\/wp-content\/uploads\/2024\/07\/12.png\" data-elementor-open-lightbox=\"yes\" data-elementor-lightbox-slideshow=\"ba93c6e\" data-elementor-lightbox-title=\"12\" data-e-action-hash=\"#elementor-action%3Aaction%3Dlightbox%26settings%3DeyJpZCI6NzY0LCJ1cmwiOiJodHRwczpcL1wvYmlvZW5lcmd5LWlyLnBsXC93cC1jb250ZW50XC91cGxvYWRzXC8yMDI0XC8wN1wvMTIucG5nIiwic2xpZGVzaG93IjoiYmE5M2M2ZSJ9\">\n\t\t\t\t\t<div class=\"e-gallery-image elementor-gallery-item__image\" data-thumbnail=\"https:\/\/bioenergy-ir.pl\/wp-content\/uploads\/2024\/07\/12-768x644.png\" data-width=\"768\" data-height=\"644\" aria-label=\"\" role=\"img\" ><\/div>\n\t\t\t\t\t\t\t\t\t\t\t<div class=\"elementor-gallery-item__overlay\"><\/div>\n\t\t\t\t\t\t\t\t\t\t\t\t\t\t<\/a>\n\t\t\t\t\t\t\t<a class=\"e-gallery-item elementor-gallery-item elementor-animated-content\" href=\"https:\/\/bioenergy-ir.pl\/wp-content\/uploads\/2024\/07\/14.png\" data-elementor-open-lightbox=\"yes\" data-elementor-lightbox-slideshow=\"ba93c6e\" data-elementor-lightbox-title=\"14\" data-e-action-hash=\"#elementor-action%3Aaction%3Dlightbox%26settings%3DeyJpZCI6NzY2LCJ1cmwiOiJodHRwczpcL1wvYmlvZW5lcmd5LWlyLnBsXC93cC1jb250ZW50XC91cGxvYWRzXC8yMDI0XC8wN1wvMTQucG5nIiwic2xpZGVzaG93IjoiYmE5M2M2ZSJ9\">\n\t\t\t\t\t<div class=\"e-gallery-image elementor-gallery-item__image\" data-thumbnail=\"https:\/\/bioenergy-ir.pl\/wp-content\/uploads\/2024\/07\/14-768x644.png\" data-width=\"768\" data-height=\"644\" aria-label=\"\" role=\"img\" ><\/div>\n\t\t\t\t\t\t\t\t\t\t\t<div class=\"elementor-gallery-item__overlay\"><\/div>\n\t\t\t\t\t\t\t\t\t\t\t\t\t\t<\/a>\n\t\t\t\t\t\t\t<a class=\"e-gallery-item elementor-gallery-item elementor-animated-content\" href=\"https:\/\/bioenergy-ir.pl\/wp-content\/uploads\/2026\/01\/a1.jpg\" data-elementor-open-lightbox=\"yes\" data-elementor-lightbox-slideshow=\"ba93c6e\" data-elementor-lightbox-title=\"a1\" data-e-action-hash=\"#elementor-action%3Aaction%3Dlightbox%26settings%3DeyJpZCI6OTg1LCJ1cmwiOiJodHRwczpcL1wvYmlvZW5lcmd5LWlyLnBsXC93cC1jb250ZW50XC91cGxvYWRzXC8yMDI2XC8wMVwvYTEuanBnIiwic2xpZGVzaG93IjoiYmE5M2M2ZSJ9\">\n\t\t\t\t\t<div class=\"e-gallery-image elementor-gallery-item__image\" data-thumbnail=\"https:\/\/bioenergy-ir.pl\/wp-content\/uploads\/2026\/01\/a1-768x768.jpg\" data-width=\"768\" data-height=\"768\" aria-label=\"\" role=\"img\" ><\/div>\n\t\t\t\t\t\t\t\t\t\t\t<div class=\"elementor-gallery-item__overlay\"><\/div>\n\t\t\t\t\t\t\t\t\t\t\t\t\t\t<\/a>\n\t\t\t\t\t<\/div>\n\t\t\t\t\t<\/div>\n\t\t\t\t<\/div>\n\t\t\t\t<\/div>\n\t\t\t\t\t<\/div>\n\t\t\t\t<\/div>\n\t\t<div class=\"elementor-element elementor-element-7175f13 e-flex e-con-boxed e-con e-parent\" data-id=\"7175f13\" data-element_type=\"container\">\n\t\t\t\t\t<div class=\"e-con-inner\">\n\t\t\t\t<div class=\"elementor-element elementor-element-8e1dd3f elementor-widget elementor-widget-heading\" data-id=\"8e1dd3f\" data-element_type=\"widget\" data-widget_type=\"heading.default\">\n\t\t\t\t<div class=\"elementor-widget-container\">\n\t\t\t\t\t<h2 class=\"elementor-heading-title elementor-size-default\">User feedback<\/h2>\t\t\t\t<\/div>\n\t\t\t\t<\/div>\n\t\t\t\t<div class=\"elementor-element elementor-element-73c1a73 elementor-widget-divider--view-line elementor-widget elementor-widget-divider\" data-id=\"73c1a73\" data-element_type=\"widget\" data-widget_type=\"divider.default\">\n\t\t\t\t<div class=\"elementor-widget-container\">\n\t\t\t\t\t\t\t<div class=\"elementor-divider\">\n\t\t\t<span class=\"elementor-divider-separator\">\n\t\t\t\t\t\t<\/span>\n\t\t<\/div>\n\t\t\t\t\t\t<\/div>\n\t\t\t\t<\/div>\n\t\t\t\t<div class=\"elementor-element elementor-element-be47ec8 elementor-widget elementor-widget-text-editor\" data-id=\"be47ec8\" data-element_type=\"widget\" data-widget_type=\"text-editor.default\">\n\t\t\t\t<div class=\"elementor-widget-container\">\n\t\t\t\t\t\t\t\t\t<p>People testing our products also point to:<\/p><ul class=\"wp-block-list\"><li>higher efficiency during strength and running training,<\/li><li>reduced sweat odor and perspiration,<\/li><li>reduction of pain-related discomfort (e.g., during menopause),<\/li><li>improved concentration and resilience,<\/li><li>easier and faster falling asleep.<\/li><\/ul>\t\t\t\t\t\t\t\t<\/div>\n\t\t\t\t<\/div>\n\t\t<div class=\"elementor-element elementor-element-b6100b4 e-con-full e-flex e-con e-child\" data-id=\"b6100b4\" data-element_type=\"container\">\n\t\t\t\t<div class=\"elementor-element elementor-element-07f9314 elementor-widget elementor-widget-html\" data-id=\"07f9314\" data-element_type=\"widget\" data-widget_type=\"html.default\">\n\t\t\t\t<div class=\"elementor-widget-container\">\n\t\t\t\t\t<style>\n.bio-btn {\n    display: inline-flex;\n    align-items: center;\n    justify-content: center;\n    background: #00A5FF;\n    color: white !important;\n    padding: 12px 26px;\n    border-radius: 6px;\n    text-decoration: none;\n    font-family: 'Montserrat', sans-serif;\n    font-size: 15px;\n    font-weight: 600;\n    text-transform: uppercase;\n    border: none;\n    box-shadow: 0 4px 10px rgba(0,165,255,0.35);\n    transition: transform 0.15s ease, background 0.15s ease;\n}\n\n.bio-btn:hover {\n    background: #0096e8;\n    transform: scale(0.96);\n    color: white !important;\n}\n\n.bio-btn-wrap {\n    display: flex;\n    flex-wrap: wrap;\n    gap: 30px; \/* \ud83d\udc49 WI\u0118KSZY ODST\u0118P *\/\n}\n<\/style>\n\n<div class=\"bio-btn-wrap\">\n\n  <a id=\"btn-order\" class=\"bio-btn\" href=\"#\">\n    Make an order\n  <\/a>\n\n  <a id=\"btn-details\" class=\"bio-btn\" href=\"#\">\n    View details\n  <\/a>\n\n  <a class=\"bio-btn\" href=\"https:\/\/bioenergy-ir.pl\/en\/opinie\/\">\n    See the reviews\n  <\/a>\n\n<\/div>\n\n<script>\ndocument.addEventListener(\"DOMContentLoaded\", function() {\n\n    const btnOrder = document.getElementById(\"btn-order\");\n    const btnDetails = document.getElementById(\"btn-details\");\n\n    if (window.location.pathname.startsWith('\/en')) {\n        btnOrder.href = \"https:\/\/bioenergy-ir.pl\/en\/checkout\/\";\n        btnDetails.href = \"http:\/\/bioenergy-ir.pl\/wp-content\/uploads\/2026\/02\/DESCRIPTION.pdf\";\n    } else {\n        btnOrder.href = \"https:\/\/bioenergy-ir.pl\/zamowienie\/\";\n        btnDetails.href = \"https:\/\/bioenergy-ir.pl\/wp-content\/uploads\/2026\/01\/OPIS1a.pdf\";\n    }\n\n});\n<\/script>\n\n\t\t\t\t<\/div>\n\t\t\t\t<\/div>\n\t\t\t\t<\/div>\n\t\t\t\t\t<\/div>\n\t\t\t\t<\/div>\n\t\t\t\t<\/div>","protected":false},"excerpt":{"rendered":"<p>T-shirty i bielizna energetyczna Jak dzia\u0142a bielizna energetyczna? Ka\u017cde ludzkie cia\u0142o wytwarza promieniowanie cieplne w zakresie 8\u201314 \u00b5m. Ceramiczne cz\u0105stki w naszej dzianinie odbieraj\u0105 i odbijaj\u0105 promieniowanie IR, co powoduje subtelne dogrzanie sk\u00f3ry i tkanek podsk\u00f3rnych \u2013 efekt tzw.\u00a0mikrotermoterapii Dzi\u0119ki temu: odczuwalny jest\u00a0wi\u0119kszy komfort cieplny\u00a0w ch\u0142odniejszym otoczeniu. poprawia si\u0119\u00a0mikrokr\u0105\u017cenie i ukrwienie, wspierany jest\u00a0transport tlenu w [&hellip;]<\/p>","protected":false},"author":1,"featured_media":0,"parent":0,"menu_order":0,"comment_status":"closed","ping_status":"closed","template":"","meta":{"footnotes":""},"class_list":["post-1262","page","type-page","status-publish","hentry"],"_links":{"self":[{"href":"https:\/\/bioenergy-ir.pl\/en\/wp-json\/wp\/v2\/pages\/1262","targetHints":{"allow":["GET"]}}],"collection":[{"href":"https:\/\/bioenergy-ir.pl\/en\/wp-json\/wp\/v2\/pages"}],"about":[{"href":"https:\/\/bioenergy-ir.pl\/en\/wp-json\/wp\/v2\/types\/page"}],"author":[{"embeddable":true,"href":"https:\/\/bioenergy-ir.pl\/en\/wp-json\/wp\/v2\/users\/1"}],"replies":[{"embeddable":true,"href":"https:\/\/bioenergy-ir.pl\/en\/wp-json\/wp\/v2\/comments?post=1262"}],"version-history":[{"count":5,"href":"https:\/\/bioenergy-ir.pl\/en\/wp-json\/wp\/v2\/pages\/1262\/revisions"}],"predecessor-version":[{"id":1556,"href":"https:\/\/bioenergy-ir.pl\/en\/wp-json\/wp\/v2\/pages\/1262\/revisions\/1556"}],"wp:attachment":[{"href":"https:\/\/bioenergy-ir.pl\/en\/wp-json\/wp\/v2\/media?parent=1262"}],"curies":[{"name":"wp","href":"https:\/\/api.w.org\/{rel}","templated":true}]}}